{"id":934,"date":"2022-08-16T11:59:51","date_gmt":"2022-08-16T11:59:51","guid":{"rendered":"https:\/\/bestprobiotics.eu\/product\/probion-clinica\/"},"modified":"2022-08-16T11:59:51","modified_gmt":"2022-08-16T11:59:51","slug":"probion-clinica","status":"publish","type":"product","link":"https:\/\/bestprobiotics.eu\/fr\/product\/probion-clinica\/","title":{"rendered":"ProBion Clinica"},"content":{"rendered":"<h2>Haute r\u00e9sistance pour la plupart des individus et en compl\u00e9ment de A \/ B\/D.<\/h2>\n<p>Puissance de qualit\u00e9 pharmaceutique avec qualit\u00e9 th\u00e9rapeutique de bact\u00e9ries saines favorisant le bien-\u00eatre. Souches soigneusement s\u00e9lectionn\u00e9es pour s\u2019harmoniser les unes avec les autres pour s\u2019adapter aux habitudes digestives de la plupart des gens.<\/p>\n<p>Probion Clinica est un probiotique \u00e0 haute r\u00e9sistance adapt\u00e9 \u00e0 toutes les situations digestives o\u00f9 une r\u00e9sistance suppl\u00e9mentaire est souhait\u00e9e ou si vous d\u00e9butez avec les probiotiques. Utilisez \u00e9galement l\u2019application de Active, Basic ou Daily, tout en utilisant des antibiotiques ou de d\u00e9sintoxication.<\/p>\n<p>10 milliards de bact\u00e9ries par comprim\u00e9, avec une teneur en souches :<\/p>\n<ul>\n<li>Bifidobacterium lactis<\/li>\n<li>Lactobacillus acidophilus<\/li>\n<\/ul>\n<p>Les bact\u00e9ries ont \u00e9t\u00e9 produites sans ajout d\u2019OGM, de produits laitiers, de soja, de bl\u00e9 et de gluten. Convient aux v\u00e9g\u00e9taliens, aux femmes enceintes, aux hommes et aux enfants, y compris les tout-petits et les a\u00een\u00e9s<\/p>\n<blockquote><p>\u2705 Puissance garantie avec qualit\u00e9 th\u00e9rapeutique des bact\u00e9ries saines soutenant le bien-\u00eatre. Souches soigneusement s\u00e9lectionn\u00e9es pour s\u2019harmoniser les unes avec les autres afin de s\u2019adapter aux situations digestives de la plupart des gens, ind\u00e9pendamment de l\u2019\u00e2ge et du sexe.<\/p><\/blockquote>\n<blockquote>\n<h2>\ud83d\udd30 dose recommand\u00e9e<\/h2>\n<p>\u00bb Commencer avec 1 comprim\u00e9 par jour au cours de la premi\u00e8re semaine et augmenter graduellement jusqu\u2019\u00e0 2 comprim\u00e9s par jour ou plus au besoin. Cette p\u00e9riode d\u2019initiation devrait normalement durer 3 semaines.<\/p>\n<p>\u00bb Les enfants de moins de 7 ans devraient prendre la moiti\u00e9 de la dose des adultes. Les nourrissons doivent prendre 1\/4 de la dose des adultes avec des comprim\u00e9s moulus en poudre et m\u00e9lang\u00e9s avec de l\u2019eau ou du lait, pour \u00eatre nourris peu \u00e0 peu tout au long de la journ\u00e9e.<\/p><\/blockquote>\n<blockquote>\n<h2>\ud83d\udd30 Pourquoi choisir ProBion ?<\/h2>\n<p><strong><br \/>\n\u2705 Cultures vivantes garanties<\/strong><br \/>\n<strong>\u00bb<\/strong> Nos comprim\u00e9s secs ont une dur\u00e9e de conservation de 4 ans sans r\u00e9frig\u00e9ration, avec une durabilit\u00e9 10 fois sup\u00e9rieure \u00e0 celle des capsules conventionnelles. Les analyses de laboratoire montrent que la majorit\u00e9 des bact\u00e9ries b\u00e9n\u00e9fiques = 90% encore apr\u00e8s 4 ans restent intactes. L\u2019\u00e9tude clinique montre en outre que les bact\u00e9ries peuvent rester viables dans les petits et les gros intestins o\u00f9 elles pourront soutenir des effets th\u00e9rapeutiques<\/p>\n<p><strong>\u2705 Souches bien \u00e9prouv\u00e9es<\/strong><br \/>\n<strong>\u00bb<\/strong> Nous choisissons des souches dont les bienfaits ont \u00e9t\u00e9 prouv\u00e9s par des centaines d\u2019\u00e9tudes \u00e9valu\u00e9es par des pairs, et nous les combinons dans une matrice avec une technologie innovante pour assurer leur passage s\u00fbr dans l\u2019intestin o\u00f9 ils peuvent soulager les troubles digestifs.<\/p>\n<p><strong>\u2705 Qualit\u00e9 th\u00e9rapeutique<br \/>\n<\/strong><strong>\u00bb<\/strong> Les cultures vigoureuses prot\u00e9g\u00e9es et livr\u00e9es \u00e0 l\u2019intestin aident la flore saine \u00e0 se d\u00e9velopper et \u00e0 s\u2019assurer qu\u2019elles d\u00e9passent le nombre de bact\u00e9ries nocives, \u00e9tablissant ainsi les bases pour \u00e9liminer les troubles digestifs et autres troubles de sant\u00e9<\/p>\n<p><strong>\u2705 Rendement prolong\u00e9 des probiotiques<\/strong><br \/>\n<strong>\u00bb<\/strong> ProBion fournit des bact\u00e9ries saines vigoureuses au tractus gastro-intestinal avec la lib\u00e9ration contr\u00f4l\u00e9e sur 180 minutes, permettant 10 fois plus de d\u00e9p\u00f4t et d\u2019activation de cultures vivantes par rapport aux capsules probiotiques conventionnelles<\/p>\n<p><strong>\u2705 technologie Matrix<br \/>\n<\/strong><strong>\u00bbLa matrice PLC (Prolongation of Life Concept) de Wasa Medical \u2013 une structure unique de cette forme de comprim\u00e9 ing\u00e9nieuse est produite avec une technologie de lyophilisation \u00e0 faible compression o\u00f9 moins de 10% de la force de compression conventionnelle est utilis\u00e9e.<\/strong> Cela garantit la plus grande viabilit\u00e9 des cultures pendant et apr\u00e8s la production. Les bact\u00e9ries incorpor\u00e9es dans la matrice sont prot\u00e9g\u00e9es contre les dommages caus\u00e9s par l\u2019oxyg\u00e8ne et l\u2019humidit\u00e9<\/p>\n<p>Les bact\u00e9ries ont \u00e9t\u00e9 produites sans ajout d\u2019OGM, de produits laitiers, de soja, de bl\u00e9 et de gluten. Convient aux v\u00e9g\u00e9taliens, aux femmes enceintes, aux hommes et aux enfants, y compris les tout-petits et les a\u00een\u00e9s.<\/p>\n<p><b>\u2705 Adapt\u00e9 \u00e0 votre digestion<\/b><\/p>\n<p>Nos souches bact\u00e9riennes sont choisies cliniquement et combin\u00e9es par des scientifiques su\u00e9dois pour cibler diff\u00e9rentes conditions digestives, y compris la motilit\u00e9 intestinale qui est trop lente ou trop rapide ou est trop sensible provoquant une irr\u00e9gularit\u00e9. Les souches s\u2019harmonisent les unes avec les autres et sont s\u00fbres et efficaces pour tous, ind\u00e9pendamment de l\u2019\u00e2ge et du sexe<\/p><\/blockquote>\n<blockquote>\n<h2>\u00bb Que contient la tablette intelligente ProBion?<\/h2>\n<p>\u00bb Prebiotic Inulin &#8211; promotes the growth and activity for the endogenous flora. Souvent extraite des racines des endives.<\/p>\n<p>\u00bb Xanthan &#8211; Mucus produit par fermentation de glucides. Il prot\u00e8ge les bact\u00e9ries dans l\u2019intestin et contr\u00f4le la dissolution des comprim\u00e9s en optimisant l\u2019exposition des bact\u00e9ries viables.<\/p>\n<p>\u00bb St\u00e9arate de magn\u00e9sium &#8211; Compos\u00e9 de magn\u00e9sium et d\u2019acides st\u00e9ariques, c\u2019est un agent d\u2019\u00e9coulement qui donne plus de consistance aux comprim\u00e9s. Certificat RSPO.<\/p>\n<h2>\ud83d\udd30 Detox &#8211; \u00e0 quoi s\u2019attendre?<\/h2>\n<p>\u2705 ProBion sert \u00e0 r\u00e9tablir l\u2019\u00e9quilibre de nos bact\u00e9ries intestinales. Tout en favorisant la croissance de bact\u00e9ries b\u00e9n\u00e9fiques, ils provoqueront \u00e9galement la mort de bact\u00e9ries nocives. Il s\u2019agit d\u2019un processus de d\u00e9sintoxication qui peut conduire \u00e0 des crises de gu\u00e9rison sous la forme d\u2019inconfort intestinal et d\u2019autres sympt\u00f4mes associ\u00e9s \u00e0 des probl\u00e8mes de sant\u00e9 chroniques au cours des 2-3 premi\u00e8res semaines. Ces sympt\u00f4mes disparaissent lorsque le corps s\u2019adapte \u00e0 une flore intestinale saine, ce qui entra\u00eene une am\u00e9lioration \u00e0 long terme de la sant\u00e9.<\/p>\n<p>\u2705 Beaucoup de conditions malsaines aujourd\u2019hui sont li\u00e9es \u00e0 une microflore mal \u00e9quilibr\u00e9e, ou ce qu\u2019on appelle la dysbiose. Scientific studies increasingly point to correlations between dysbiosis and various conditions. L\u2019utilisation d\u2019antibiotiques dans les soins de sant\u00e9, l\u2019agriculture et l\u2019\u00e9levage est en hausse. Nous avons st\u00e9rilis\u00e9 notre environnement \u00e0 bien des \u00e9gards, ce qui nuit \u00e0 notre \u00e9quilibre microflore. Lorsque nous ne recevons pas assez de microbes b\u00e9n\u00e9fiques, ou que nous les tuons parce que nous avons besoin d\u2019antibiotiques, nous avons plus que jamais besoin de suppl\u00e9ments de probiotiques.<\/p>\n<h5><strong>\ud83d\udc4d En r\u00e8gle g\u00e9n\u00e9rale, nous vous recommandons de commencer avec ProBion Clinica et\/ou de l\u2019utiliser comme support fort pour Active, Basic ou Daily<\/strong><\/h5>\n<\/blockquote>\n","protected":false},"excerpt":{"rendered":"<p>Haute r\u00e9sistance pour la plupart des individus et comme un compl\u00e9ment \u00e0 A\/B\/D<br \/>\n150 comprim\u00e9s<\/p>\n","protected":false},"featured_media":623,"comment_status":"closed","ping_status":"closed","template":"","meta":[],"product_brand":[],"product_cat":[70],"product_tag":[71,72,79,73,74],"class_list":{"0":"post-934","1":"product","2":"type-product","3":"status-publish","4":"has-post-thumbnail","6":"product_cat-probiotiques","7":"product_tag-ibs-fr","8":"product_tag-probion-fr","9":"product_tag-probion-clinica-fr","10":"product_tag-probiotiques","11":"product_tag-probiotiques-fr","13":"first","14":"instock","15":"taxable","16":"shipping-taxable","17":"purchasable","18":"product-type-simple"},"_links":{"self":[{"href":"https:\/\/bestprobiotics.eu\/fr\/wp-json\/wp\/v2\/product\/934","targetHints":{"allow":["GET"]}}],"collection":[{"href":"https:\/\/bestprobiotics.eu\/fr\/wp-json\/wp\/v2\/product"}],"about":[{"href":"https:\/\/bestprobiotics.eu\/fr\/wp-json\/wp\/v2\/types\/product"}],"replies":[{"embeddable":true,"href":"https:\/\/bestprobiotics.eu\/fr\/wp-json\/wp\/v2\/comments?post=934"}],"wp:featuredmedia":[{"embeddable":true,"href":"https:\/\/bestprobiotics.eu\/fr\/wp-json\/wp\/v2\/media\/623"}],"wp:attachment":[{"href":"https:\/\/bestprobiotics.eu\/fr\/wp-json\/wp\/v2\/media?parent=934"}],"wp:term":[{"taxonomy":"product_brand","embeddable":true,"href":"https:\/\/bestprobiotics.eu\/fr\/wp-json\/wp\/v2\/product_brand?post=934"},{"taxonomy":"product_cat","embeddable":true,"href":"https:\/\/bestprobiotics.eu\/fr\/wp-json\/wp\/v2\/product_cat?post=934"},{"taxonomy":"product_tag","embeddable":true,"href":"https:\/\/bestprobiotics.eu\/fr\/wp-json\/wp\/v2\/product_tag?post=934"}],"curies":[{"name":"wp","href":"https:\/\/api.w.org\/{rel}","templated":true}]}}