{"id":928,"date":"2020-04-16T09:19:38","date_gmt":"2020-04-16T09:19:38","guid":{"rendered":"https:\/\/bestprobiotics.eu\/politique-de-confidentialite\/"},"modified":"2024-06-11T09:17:26","modified_gmt":"2024-06-11T09:17:26","slug":"politique-de-confidentialite","status":"publish","type":"page","link":"https:\/\/bestprobiotics.eu\/fr\/politique-de-confidentialite\/","title":{"rendered":"politique de confidentialit\u00e9"},"content":{"rendered":"\r\n<h1 class=\"wp-block-heading\">politique de confidentialit\u00e9<\/h1>\r\n<h2>Nous ne vendrons JAMAIS vos donn\u00e9es personnelles \u00e0 quiconque.<\/h2>\r\n<p>IT EASY (\u00ab\u00a0nous\u00a0\u00bb, \u00ab\u00a0nous\u00a0\u00bb ou \u00ab\u00a0nos\u00a0\u00bb) exploite le site Web https:\/\/bestprobiotics.eu (le \u00ab\u00a0Service\u00a0\u00bb).<\/p>\r\n<p>Cette page vous informe de nos politiques concernant la collecte, l\u2019utilisation et la divulgation des donn\u00e9es personnelles lorsque vous utilisez notre Service et les choix que vous avez associ\u00e9s \u00e0 ces donn\u00e9es.<\/p>\r\n<p>Nous utilisons vos donn\u00e9es pour fournir et am\u00e9liorer le Service. En utilisant le Service, vous acceptez la collecte et l\u2019utilisation des informations conform\u00e9ment \u00e0 cette politique. Sauf d\u00e9finition contraire dans la pr\u00e9sente Politique de confidentialit\u00e9, les termes utilis\u00e9s dans la pr\u00e9sente Politique de confidentialit\u00e9 ont la m\u00eame signification que dans nos Conditions g\u00e9n\u00e9rales, accessibles \u00e0 partir de https:\/\/bestprobiotics.eu<\/p>\r\n<h2>d\u00e9finitions<\/h2>\r\n<h3>donn\u00e9es personnelles<\/h3>\r\n<p>Les donn\u00e9es personnelles d\u00e9signent les donn\u00e9es concernant une personne vivante qui peut \u00eatre identifi\u00e9e \u00e0 partir de ces donn\u00e9es (ou \u00e0 partir de celles-ci et d\u2019autres informations en notre possession ou susceptibles d\u2019entrer en notre possession).<\/p>\r\n<h3>donn\u00e9es d&rsquo;utilisation<\/h3>\r\n<p>Les donn\u00e9es d\u2019utilisation sont des donn\u00e9es collect\u00e9es automatiquement, soit g\u00e9n\u00e9r\u00e9es par l\u2019utilisation du Service, soit \u00e0 partir de l\u2019infrastructure du Service elle-m\u00eame (par exemple, la dur\u00e9e d\u2019une visite de page).<\/p>\r\n<h3>Les cookies<\/h3>\r\n<p>Les cookies sont de petites donn\u00e9es stock\u00e9es sur l\u2019appareil de l\u2019utilisateur.<\/p>\r\n<h3>contr\u00f4leur de donn\u00e9es<\/h3>\r\n<p>Le responsable du traitement des donn\u00e9es d\u00e9signe une personne qui (seule ou conjointement ou en commun avec d\u2019autres personnes) d\u00e9termine les finalit\u00e9s pour lesquelles et la mani\u00e8re dont les donn\u00e9es personnelles sont ou doivent \u00eatre trait\u00e9es.<\/p>\r\n<p>Aux fins de la pr\u00e9sente politique de confidentialit\u00e9, nous sommes un responsable du traitement de vos donn\u00e9es.<\/p>\r\n<h3>Processeur de donn\u00e9es (ou fournisseurs de services)<\/h3>\r\n<p>Le sous-traitant (ou fournisseur de services) d\u00e9signe toute personne (autre qu\u2019un employ\u00e9 du responsable du traitement) qui traite les donn\u00e9es pour le compte du responsable du traitement.<\/p>\r\n<p>Nous pouvons utiliser les services de divers fournisseurs de services afin de traiter vos donn\u00e9es plus efficacement.<\/p>\r\n<h3>personne concern\u00e9e<\/h3>\r\n<p>La personne concern\u00e9e est toute personne physique vivante qui fait l\u2019objet de donn\u00e9es personnelles.<\/p>\r\n<h3>utilisateur<\/h3>\r\n<p>L\u2019Utilisateur est la personne qui utilise notre Service. L\u2019Utilisateur correspond \u00e0 la Personne concern\u00e9e, qui est la personne concern\u00e9e par les Donn\u00e9es \u00e0 caract\u00e8re personnel.<\/p>\r\n<h2>Collecte et utilisation de l\u2019information<\/h2>\r\n<p>Nous recueillons diff\u00e9rents types d\u2019informations \u00e0 diff\u00e9rentes fins pour vous fournir et am\u00e9liorer notre Service.<\/p>\r\n<h3>types de donn\u00e9es collect\u00e9es<\/h3>\r\n<h4>donn\u00e9es personnelles<\/h4>\r\n<p>Lorsque vous utilisez notre Service, nous pouvons vous demander de nous fournir certaines informations personnellement identifiables qui peuvent \u00eatre utilis\u00e9es pour vous contacter ou vous identifier (\u00ab\u00a0Donn\u00e9es personnelles\u00a0\u00bb). Les renseignements personnels identifiables peuvent comprendre, sans s\u2019y limiter\u00a0:<\/p>\r\n<ul>\r\n<li>Adresse courriel<\/li>\r\n<li>Pr\u00e9nom et nom de famille<\/li>\r\n<li>Num\u00e9ro de t\u00e9l\u00e9phone<\/li>\r\n<li>Adresse, \u00e9tat, province, code postal, ville<\/li>\r\n<li>Cookies et donn\u00e9es d\u2019utilisation<\/li>\r\n<\/ul>\r\n<p>Nous pouvons utiliser vos donn\u00e9es personnelles pour vous contacter avec des newsletters, du mat\u00e9riel marketing ou promotionnel et d\u2019autres informations susceptibles de vous int\u00e9resser. Vous pouvez refuser de recevoir une partie ou la totalit\u00e9 de ces communications de notre part en suivant le lien de d\u00e9sabonnement ou les instructions fournies dans tout courriel que nous envoyons.<\/p>\r\n<p>donn\u00e9es d&rsquo;utilisation<\/p>\r\n<p>We may also collect information how the Service is accessed and used (\u201cUsage Data\u201d). This Usage Data may include information such as your computer\u2019s Internet Protocol address (e.g. IP address), browser type, browser version, the pages of our Service that you visit, the time and date of your visit, the time spent on those pages, unique device identifiers and other diagnostic data.<\/p>\r\n<h4>Donn\u00e9es de suivi et de t\u00e9moins<\/h4>\r\n<p>Nous utilisons des cookies et des technologies de suivi similaires pour suivre l\u2019activit\u00e9 sur notre Service et d\u00e9tenir certaines informations.<\/p>\r\n<p>Les cookies sont des fichiers avec une petite quantit\u00e9 de donn\u00e9es qui peuvent inclure un identifiant unique anonyme. Les cookies sont envoy\u00e9s \u00e0 votre navigateur \u00e0 partir d\u2019un site Web et stock\u00e9s sur votre appareil. Les technologies de suivi utilis\u00e9es sont \u00e9galement des balises, des balises et des scripts pour collecter et suivre les informations et pour am\u00e9liorer et analyser notre service.<\/p>\r\n<p>Vous pouvez demander \u00e0 votre navigateur de refuser tous les cookies ou d\u2019indiquer quand un cookie est envoy\u00e9. Toutefois, si vous n\u2019acceptez pas les cookies, il se peut que vous ne puissiez pas utiliser certaines parties de notre Service.<\/p>\r\n<p>Exemples de cookies que nous utilisons\u00a0:<\/p>\r\n<ul>\r\n<li><strong>Cookies de session.<\/strong> Nous utilisons des cookies de session pour exploiter notre service.<\/li>\r\n<li><strong>Cookies de pr\u00e9f\u00e9rence.<\/strong> Nous utilisons des cookies de pr\u00e9f\u00e9rence pour m\u00e9moriser vos pr\u00e9f\u00e9rences et divers param\u00e8tres.<\/li>\r\n<li><strong>Cookies de s\u00e9curit\u00e9.<\/strong> Nous utilisons des cookies de s\u00e9curit\u00e9 \u00e0 des fins de s\u00e9curit\u00e9.<\/li>\r\n<\/ul>\r\n<h2>utilisation des donn\u00e9es<\/h2>\r\n<p>IT EASY utilise les donn\u00e9es collect\u00e9es \u00e0 diverses fins\u00a0:<\/p>\r\n<ul>\r\n<li>Pour fournir et maintenir notre Service<\/li>\r\n<li>Pour vous informer des modifications apport\u00e9es \u00e0 notre Service<\/li>\r\n<li>Pour vous permettre de participer aux fonctionnalit\u00e9s interactives de notre Service lorsque vous choisissez de le faire<\/li>\r\n<li>Fournir un soutien \u00e0 la client\u00e8le<\/li>\r\n<li>Pour recueillir des analyses ou des informations pr\u00e9cieuses afin que nous puissions am\u00e9liorer notre Service<\/li>\r\n<li>Pour surveiller l\u2019utilisation de notre Service<\/li>\r\n<li>D\u00e9tecter, pr\u00e9venir et r\u00e9soudre les probl\u00e8mes techniques<\/li>\r\n<li>Pour vous fournir des nouvelles, des offres sp\u00e9ciales et des informations g\u00e9n\u00e9rales sur d\u2019autres produits, services et<\/li>\r\n<li>\u00e9v\u00e9nements que nous proposons et qui sont similaires \u00e0 ceux que vous avez d\u00e9j\u00e0 achet\u00e9s ou demand\u00e9s, sauf si vous avez<\/li>\r\n<li>choisi de ne pas recevoir ces informations<\/li>\r\n<\/ul>\r\n<h2>conservation de donn\u00e9es<\/h2>\r\n<p>IT EASY ne conservera vos donn\u00e9es personnelles que le temps n\u00e9cessaire aux fins \u00e9nonc\u00e9es dans la pr\u00e9sente politique de confidentialit\u00e9. Nous conserverons et utiliserons vos donn\u00e9es personnelles dans la mesure n\u00e9cessaire pour nous conformer \u00e0 nos obligations l\u00e9gales (par exemple, si nous sommes tenus de conserver vos donn\u00e9es pour nous conformer aux lois applicables), r\u00e9soudre les litiges et appliquer nos accords et politiques juridiques.<\/p>\r\n<p>IT EASY conservera \u00e9galement les donn\u00e9es d\u2019utilisation \u00e0 des fins d\u2019analyse interne. Les donn\u00e9es d\u2019utilisation sont g\u00e9n\u00e9ralement conserv\u00e9es pendant une p\u00e9riode plus courte, sauf lorsque ces donn\u00e9es sont utilis\u00e9es pour renforcer la s\u00e9curit\u00e9 ou am\u00e9liorer la fonctionnalit\u00e9 de notre service, ou lorsque nous sommes l\u00e9galement oblig\u00e9s de conserver ces donn\u00e9es pendant des p\u00e9riodes plus longues.<\/p>\r\n<h2>transfert de donn\u00e9es<\/h2>\r\n<p>Vos renseignements, y compris les donn\u00e9es personnelles, peuvent \u00eatre transf\u00e9r\u00e9s \u00e0 des ordinateurs situ\u00e9s \u00e0 l\u2019ext\u00e9rieur de votre \u00c9tat, province, pays ou autre juridiction gouvernementale et conserv\u00e9s sur des ordinateurs situ\u00e9s \u00e0 l\u2019ext\u00e9rieur de votre \u00c9tat, province ou pays o\u00f9 les lois sur la protection des donn\u00e9es peuvent diff\u00e9rer de celles de votre juridiction.<\/p>\r\n<p>Votre consentement \u00e0 la pr\u00e9sente Politique de confidentialit\u00e9 suivi de votre soumission de ces informations repr\u00e9sente votre accord \u00e0 ce transfert.<\/p>\r\n<p>IT EASY prendra toutes les mesures raisonnablement n\u00e9cessaires pour s\u2019assurer que vos donn\u00e9es sont trait\u00e9es en toute s\u00e9curit\u00e9 et conform\u00e9ment \u00e0 la pr\u00e9sente politique de confidentialit\u00e9 et qu\u2019aucun transfert de vos donn\u00e9es personnelles n\u2019aura lieu vers une organisation ou un pays \u00e0 moins qu\u2019il n\u2019y ait des contr\u00f4les ad\u00e9quats en place, y compris la s\u00e9curit\u00e9 de vos donn\u00e9es et autres informations personnelles.<\/p>\r\n<h2>divulgation de donn\u00e9es<\/h2>\r\n<h3>op\u00e9ration commerciale<\/h3>\r\n<p>Si IT EASY est impliqu\u00e9 dans une fusion, une acquisition ou une vente d\u2019actifs, vos donn\u00e9es personnelles peuvent \u00eatre transf\u00e9r\u00e9es. Nous vous en informerons avant le transfert de vos Donn\u00e9es personnelles et avant qu\u2019elles ne soient soumises \u00e0 une Politique de confidentialit\u00e9 diff\u00e9rente.<\/p>\r\n<h3>Divulgation pour les organismes d\u2019application de la loi<\/h3>\r\n<p>Dans certaines circonstances, IT EASY peut \u00eatre tenu de divulguer vos donn\u00e9es personnelles si la loi l\u2019exige ou en r\u00e9ponse \u00e0 des demandes valides des autorit\u00e9s publiques (par exemple un tribunal ou une agence gouvernementale).<\/p>\r\n<h3>exigences l\u00e9gales<\/h3>\r\n<p>IT EASY peut divulguer vos Donn\u00e9es Personnelles de bonne foi en croyant qu\u2019une telle action est n\u00e9cessaire pour\u00a0:<\/p>\r\n<ul>\r\n<li>Respecter une obligation l\u00e9gale<\/li>\r\n<li>Pour prot\u00e9ger et d\u00e9fendre les droits ou la propri\u00e9t\u00e9 d\u2019IT EASY<\/li>\r\n<li>Pour pr\u00e9venir ou enqu\u00eater sur d\u2019\u00e9ventuels actes r\u00e9pr\u00e9hensibles li\u00e9s au Service<\/li>\r\n<li>Prot\u00e9ger la s\u00e9curit\u00e9 personnelle des utilisateurs du Service ou du public<\/li>\r\n<li>Pour se prot\u00e9ger contre la responsabilit\u00e9 l\u00e9gale<\/li>\r\n<\/ul>\r\n<h2>s\u00e9curit\u00e9 des donn\u00e9es<\/h2>\r\n<p>La s\u00e9curit\u00e9 de vos donn\u00e9es est importante pour nous, mais n\u2019oubliez pas qu\u2019aucune m\u00e9thode de transmission sur Internet ou de stockage \u00e9lectronique n\u2019est 100% s\u00e9curis\u00e9e. Bien que nous nous efforcions d\u2019utiliser des moyens commercialement acceptables pour prot\u00e9ger vos donn\u00e9es personnelles, nous ne pouvons pas garantir leur s\u00e9curit\u00e9 absolue.<\/p>\r\n<h2>vos droits<\/h2>\r\n<p>IT EASY vise \u00e0 prendre des mesures raisonnables pour vous permettre de corriger, modifier, supprimer ou limiter l\u2019utilisation de vos donn\u00e9es personnelles.<\/p>\r\n<p>Lorsque cela est possible, vous pouvez mettre \u00e0 jour vos donn\u00e9es personnelles directement dans la section des param\u00e8tres de votre compte. Si vous n\u2019\u00eates pas en mesure de modifier vos donn\u00e9es personnelles, veuillez nous contacter pour apporter les modifications requises.<\/p>\r\n<p>Si vous souhaitez \u00eatre inform\u00e9 des donn\u00e9es personnelles que nous d\u00e9tenons \u00e0 votre sujet et si vous souhaitez qu\u2019elles soient supprim\u00e9es de nos syst\u00e8mes, veuillez nous contacter.<\/p>\r\n<p>Dans certaines circonstances, vous avez le droit:<\/p>\r\n<ul>\r\n<li>Pour acc\u00e9der et recevoir une copie des donn\u00e9es personnelles que nous d\u00e9tenons \u00e0 votre sujet<\/li>\r\n<li>Pour rectifier toute donn\u00e9e personnelle d\u00e9tenue \u00e0 votre sujet qui est inexacte<\/li>\r\n<li>Pour demander la suppression des Donn\u00e9es \u00e0 caract\u00e8re personnel vous concernant<\/li>\r\n<\/ul>\r\n<p>Vous avez le droit \u00e0 la portabilit\u00e9 des donn\u00e9es pour les informations que vous fournissez \u00e0 IT EASY Vous pouvez demander une copie de vos donn\u00e9es personnelles dans un format \u00e9lectronique couramment utilis\u00e9 afin que vous puissiez les g\u00e9rer et les d\u00e9placer.<\/p>\r\n<p>Veuillez noter que nous pouvons vous demander de v\u00e9rifier votre identit\u00e9 avant de r\u00e9pondre \u00e0 ces demandes.<\/p>\r\n<h2>fournisseurs de services<\/h2>\r\n<p>Nous pouvons employer des soci\u00e9t\u00e9s et des personnes tierces pour faciliter notre Service (\u00ab\u00a0Fournisseurs de services\u00a0\u00bb), pour fournir le Service en notre nom, pour effectuer des services li\u00e9s au Service ou pour nous aider \u00e0 analyser comment notre Service est utilis\u00e9.<\/p>\r\n<p>Ces tiers ont acc\u00e8s \u00e0 vos donn\u00e9es personnelles uniquement pour effectuer ces t\u00e2ches en notre nom et sont tenus de ne pas les divulguer ou les utiliser \u00e0 d\u2019autres fins.<\/p>\r\n<h3>services de r\u00e9seautage social<\/h3>\r\n<p>Vous pouvez cr\u00e9er un compte directement sur notre Site ou via un service de r\u00e9seau social. Si vous vous inscrivez aupr\u00e8s d\u2019un service de r\u00e9seautage social (ou si vous liez ult\u00e9rieurement votre compte \u00e0 un service), nous recueillerons certaines informations vous concernant aupr\u00e8s de ce service de r\u00e9seautage social, et ce que nous recueillons d\u00e9pend de vos param\u00e8tres de confidentialit\u00e9 avec ce service de r\u00e9seautage social. Le Service peut \u00e9galement vous permettre d\u2019aimer ou de partager du contenu avec les services de r\u00e9seautage social. Vous pouvez vous inscrire pour rejoindre le Service directement via le Service ou en vous connectant \u00e0 votre compte aupr\u00e8s d\u2019un service de r\u00e9seau social tiers (\u00ab\u00a0SNS\u00a0\u00bb) via notre Service (par exemple, Facebook, Google et d\u2019autres services tiers qui vous permettent de vous connecter en utilisant vos identifiants existants avec ces services). Si vous choisissez de vous inscrire via un SNS, ou de lier ult\u00e9rieurement votre compte avec le Service \u00e0 votre compte avec un SNS, nous utiliserons les Informations personnelles que vous avez fournies au SNS (comme votre nom, votre adresse e-mail et \u00e9ventuellement d\u2019autres informations que vous rendez publiques via le SNS) pour cr\u00e9er votre compte. Veuillez noter que les informations que nous recueillons \u00e0 partir d\u2019un SRS et par l\u2019interm\u00e9diaire de celui-ci peuvent d\u00e9pendre des param\u00e8tres de confidentialit\u00e9 que vous avez d\u00e9finis avec le SRS et des autorisations que vous nous accordez en lien avec la liaison de votre compte avec le Service \u00e0 votre compte avec un SRS. En dehors de ce que nous pouvons partager avec le SNS comme d\u00e9crit ci-dessous, les informations personnelles qu\u2019un SNS a sur vous sont obtenues par le SNS ind\u00e9pendamment de notre service, et nous n\u2019en sommes pas responsables.<\/p>\r\n<p>Le service peut \u00e9galement permettre des interactions suppl\u00e9mentaires entre lui et un site Web, un service ou un autre fournisseur de contenu tiers, par exemple en vous permettant d\u2019aimer ou de partager du contenu avec un SRS tiers. Si vous choisissez de \u00ab\u00a0aimer\u00a0\u00bb ou de partager du contenu, ou de partager des informations de ou via notre Service avec un site ou un service tiers, ces informations peuvent \u00eatre affich\u00e9es publiquement et le tiers peut avoir acc\u00e8s \u00e0 des informations sur vous et votre utilisation de notre Service (et nous pouvons avoir acc\u00e8s \u00e0 des informations vous concernant aupr\u00e8s de ce tiers). Ces fonctionnalit\u00e9s peuvent collecter votre adresse IP, la page que vous visitez sur notre site, et peuvent d\u00e9finir un cookie pour permettre \u00e0 la fonctionnalit\u00e9 de fonctionner correctement. Vos interactions avec des tiers via un SNS ou des fonctionnalit\u00e9s similaires sont r\u00e9gies par les politiques de confidentialit\u00e9 respectives de ces tiers. Vous d\u00e9clarez que vous avez le droit d\u2019utiliser votre compte SNS aux fins d\u00e9crites aux pr\u00e9sentes sans enfreindre les conditions g\u00e9n\u00e9rales qui r\u00e9gissent le SNS, et sans obliger US \u00e0 payer des frais ou \u00e0 soumettre ProBion \u00e0 des limitations d\u2019utilisation impos\u00e9es par ces SNS. Vous pouvez d\u00e9sactiver le lien entre votre compte Service et votre compte SNS \u00e0 tout moment dans la section \u00ab\u00a0Param\u00e8tres\u00a0\u00bb de notre Service. Veuillez noter que votre relation avec un SNS est r\u00e9gie uniquement par votre accord (s) avec ce SNS. Si votre compte SNS se termine, les fonctions activ\u00e9es via le lien entre votre compte bestprobiotics.eu et votre compte SNS se termineront \u00e9galement.<\/p>\r\n<h3>analyse<\/h3>\r\n<ul>\r\n<li>\r\n<p>Nous pouvons utiliser des fournisseurs de services tiers pour surveiller et analyser l\u2019utilisation de notre service.<\/p>\r\n<p>Google Analytics<\/p>\r\n<p>Google Analytics est un service d\u2019analyse Web offert par Google qui suit et rapporte le trafic du site Web. Google utilise les donn\u00e9es collect\u00e9es pour suivre et surveiller l\u2019utilisation de notre Service. Ces donn\u00e9es sont partag\u00e9es avec d\u2019autres services Google. Google peut utiliser les donn\u00e9es collect\u00e9es pour contextualiser et personnaliser les annonces de son propre r\u00e9seau publicitaire. Le module compl\u00e9mentaire emp\u00eache Google Analytics JavaScript (ga.js, analytics.js et dc.js) de partager des informations avec Google Analytics sur les visites.Pour plus d\u2019informations sur les pratiques de confidentialit\u00e9 de Google, veuillez consulter la page Web Google Privacy &amp; Terms: \u00a0<a href=\"https:\/\/www.google.com\/intl\/en\/policies\/privacy\/\">http:\/\/www.google.com\/intl\/en\/policies\/privacy\/<\/a><\/p>\r\n<\/li>\r\n<\/ul>\r\n<h3>paiements<\/h3>\r\n<p>Nous pouvons fournir des produits et\/ou services payants au sein du Service. Dans ce cas, nous utilisons des services tiers pour le traitement des paiements (par ex. processeurs de paiement).<\/p>\r\n<p>Nous ne stockerons ni ne collecterons les d\u00e9tails de votre carte de paiement. Ces informations sont fournies directement \u00e0 nos processeurs de paiement tiers dont l\u2019utilisation de vos informations personnelles est r\u00e9gie par leur politique de confidentialit\u00e9. Ces processeurs de paiement respectent les normes \u00e9tablies par PCI-DSS et g\u00e9r\u00e9es par le PCI Security Standards Council, qui est un effort conjoint de marques comme Visa, Mastercard, American Express et Discover. Les exigences PCI-DSS permettent d\u2019assurer la gestion s\u00e9curis\u00e9e des informations de paiement.<\/p>\r\n<p>Les processeurs de paiement avec lesquels nous travaillons sont\u00a0:<\/p>\r\n<ul>\r\n<li>\r\n<p><strong>Stripe<\/strong><\/p>\r\n<p>Leur politique de confidentialit\u00e9 peut \u00eatre consult\u00e9e \u00e0.\u00a0 <a href=\"https:\/\/stripe.com\/us\/privacy\">https:\/\/stripe.com\/us\/privacy<\/a><\/p>\r\n<\/li>\r\n<li>\r\n<p><strong>PayPal or Braintree<\/strong><\/p>\r\n<p>Leur politique de confidentialit\u00e9 peut \u00eatre consult\u00e9e \u00e0\u00a0 \u00a0<a href=\"https:\/\/www.paypal.com\/webapps\/mpp\/ua\/privacy-full\">https:\/\/www.paypal.com\/webapps\/mpp\/ua\/privacy-full<\/a><\/p>\r\n<\/li>\r\n<\/ul>\r\n<h2>liens vers d&rsquo;autres sites<\/h2>\r\n<p>Notre Service peut contenir des liens vers d\u2019autres sites qui ne sont pas exploit\u00e9s par nous. Si vous cliquez sur un lien tiers, vous serez dirig\u00e9 vers le site de ce tiers. Nous vous conseillons vivement de consulter la politique de confidentialit\u00e9 de chaque site que vous visitez.<\/p>\r\n<p>Nous n\u2019avons aucun contr\u00f4le et n\u2019assumons aucune responsabilit\u00e9 sur le contenu, les politiques de confidentialit\u00e9 ou les pratiques de tout site ou service tiers.<\/p>\r\n<h2>confidentialit\u00e9 des enfants<\/h2>\r\n<p>Notre Service ne s\u2019adresse \u00e0 personne de moins de 13 ans (\u00ab\u00a0enfants\u00a0\u00bb).<\/p>\r\n<p>Nous ne recueillons pas sciemment des informations personnelles identifiables de toute personne \u00e2g\u00e9e de moins de 13 ans. Si vous \u00eates un parent ou un tuteur et que vous savez que vos enfants nous ont fourni des donn\u00e9es personnelles, veuillez nous contacter. Si nous apprenons que nous avons recueilli des donn\u00e9es personnelles d\u2019enfants sans v\u00e9rification du consentement parental, nous prenons des mesures pour supprimer ces informations de nos serveurs.<\/p>\r\n<h2>Modifications apport\u00e9es \u00e0 la pr\u00e9sente politique de confidentialit\u00e9<\/h2>\r\n<p>Nous pouvons mettre \u00e0 jour notre politique de confidentialit\u00e9 de temps \u00e0 autre. Nous vous informerons de tout changement en publiant la nouvelle politique de confidentialit\u00e9 sur cette page.<\/p>\r\n<p>Nous vous informerons par e-mail et\/ou un avis bien visible sur notre Service, avant que le changement ne prenne effet et mettrons \u00e0 jour la \u00ab\u00a0date d\u2019entr\u00e9e en vigueur\u00a0\u00bb en haut de la pr\u00e9sente Politique de confidentialit\u00e9.<\/p>\r\n<p>Nous vous conseillons de consulter cette politique de confidentialit\u00e9 p\u00e9riodiquement pour tout changement. Les modifications apport\u00e9es \u00e0 cette politique de confidentialit\u00e9 entrent en vigueur lorsqu\u2019elles sont publi\u00e9es sur cette page.<\/p>\r\n<h2>contactez-nous<\/h2>\r\n<p>Si vous avez des questions au sujet de la pr\u00e9sente politique de confidentialit\u00e9, veuillez communiquer avec nous\u00a0:<\/p>\r\n<p>Par courriel\u00a0: contact@bestprobiotics.eu<\/p>\r\n","protected":false},"excerpt":{"rendered":"<p>politique de confidentialit\u00e9 Nous ne vendrons JAMAIS vos donn\u00e9es personnelles \u00e0 quiconque. IT EASY (\u00ab\u00a0nous\u00a0\u00bb, \u00ab\u00a0nous\u00a0\u00bb ou \u00ab\u00a0nos\u00a0\u00bb) exploite le site Web https:\/\/bestprobiotics.eu (le \u00ab\u00a0Service\u00a0\u00bb). Cette page vous informe de nos politiques concernant la collecte, l\u2019utilisation et la divulgation des donn\u00e9es personnelles lorsque vous utilisez notre Service et les choix que vous avez associ\u00e9s \u00e0 ces donn\u00e9es. Nous utilisons vos donn\u00e9es pour fournir et am\u00e9liorer le Service. En utilisant le Service, vous acceptez la collecte et l\u2019utilisation des informations conform\u00e9ment \u00e0 cette politique. Sauf d\u00e9finition contraire dans la pr\u00e9sente Politique de confidentialit\u00e9, les termes utilis\u00e9s dans la pr\u00e9sente Politique de confidentialit\u00e9 ont la m\u00eame signification que dans nos Conditions g\u00e9n\u00e9rales, accessibles \u00e0 partir de https:\/\/bestprobiotics.eu d\u00e9finitions donn\u00e9es personnelles Les donn\u00e9es personnelles d\u00e9signent les donn\u00e9es concernant une personne vivante qui peut \u00eatre identifi\u00e9e \u00e0 partir de ces donn\u00e9es (ou \u00e0 partir de celles-ci et d\u2019autres informations en notre possession ou susceptibles d\u2019entrer en notre possession). donn\u00e9es d&rsquo;utilisation Les donn\u00e9es d\u2019utilisation sont des donn\u00e9es collect\u00e9es automatiquement, soit g\u00e9n\u00e9r\u00e9es par l\u2019utilisation du Service, soit \u00e0 partir de l\u2019infrastructure du Service elle-m\u00eame (par exemple, la dur\u00e9e d\u2019une visite de page). Les cookies Les cookies sont de petites donn\u00e9es stock\u00e9es sur l\u2019appareil de l\u2019utilisateur. contr\u00f4leur de donn\u00e9es Le responsable du traitement des donn\u00e9es d\u00e9signe une personne qui (seule ou conjointement ou en commun avec d\u2019autres personnes) d\u00e9termine les finalit\u00e9s pour lesquelles et la mani\u00e8re dont les donn\u00e9es personnelles sont ou doivent \u00eatre trait\u00e9es. Aux fins de la pr\u00e9sente politique de confidentialit\u00e9, nous sommes un responsable du traitement de vos donn\u00e9es. Processeur de donn\u00e9es (ou fournisseurs<span class=\"excerpt-hellip\"> [\u2026]<\/span><\/p>\n","protected":false},"author":1,"featured_media":0,"parent":0,"menu_order":0,"comment_status":"closed","ping_status":"open","template":"","meta":{"footnotes":""},"class_list":["post-928","page","type-page","status-publish","hentry"],"_links":{"self":[{"href":"https:\/\/bestprobiotics.eu\/fr\/wp-json\/wp\/v2\/pages\/928","targetHints":{"allow":["GET"]}}],"collection":[{"href":"https:\/\/bestprobiotics.eu\/fr\/wp-json\/wp\/v2\/pages"}],"about":[{"href":"https:\/\/bestprobiotics.eu\/fr\/wp-json\/wp\/v2\/types\/page"}],"author":[{"embeddable":true,"href":"https:\/\/bestprobiotics.eu\/fr\/wp-json\/wp\/v2\/users\/1"}],"replies":[{"embeddable":true,"href":"https:\/\/bestprobiotics.eu\/fr\/wp-json\/wp\/v2\/comments?post=928"}],"version-history":[{"count":5,"href":"https:\/\/bestprobiotics.eu\/fr\/wp-json\/wp\/v2\/pages\/928\/revisions"}],"predecessor-version":[{"id":1007,"href":"https:\/\/bestprobiotics.eu\/fr\/wp-json\/wp\/v2\/pages\/928\/revisions\/1007"}],"wp:attachment":[{"href":"https:\/\/bestprobiotics.eu\/fr\/wp-json\/wp\/v2\/media?parent=928"}],"curies":[{"name":"wp","href":"https:\/\/api.w.org\/{rel}","templated":true}]}}