{"id":955,"date":"2022-08-16T11:59:53","date_gmt":"2022-08-16T11:59:53","guid":{"rendered":"https:\/\/bestprobiotics.eu\/product\/probion-daily\/"},"modified":"2022-08-16T11:59:53","modified_gmt":"2022-08-16T11:59:53","slug":"probion-daily","status":"publish","type":"product","link":"https:\/\/bestprobiotics.eu\/es\/product\/probion-daily\/","title":{"rendered":"ProBion Daily"},"content":{"rendered":"<h2>Para digesti\u00f3n normal o alteraci\u00f3n.<\/h2>\n<p>Potencia garantizada con calidad terap\u00e9utica de bacterias saludables que apoyan el bienestar. Cepas cuidadosamente seleccionadas para armonizarse entre s\u00ed para adaptarse a las situaciones digestivas de la mayor\u00eda de las personas, independientemente de su edad y sexo.<\/p>\n<p>ProBion Daily &#8211; Para una digesti\u00f3n normal o que altera<\/p>\n<p>6 billones de bacterias por tableta con contenido de cepa:<\/p>\n<ul>\n<li>Bifidobacterium lactis<\/li>\n<li>Lactobacillus acidophilus<\/li>\n<li>Lactobacillus plantarum<\/li>\n<li>Lactobacillus paracasei<\/li>\n<li>Lactobacillus bulgaricus<\/li>\n<\/ul>\n<p>Las bacterias se han producido sin a\u00f1adir OMG, l\u00e1cteos, soja, trigo y gluten. Adecuado para veganos, mujeres embarazadas, hombres y ni\u00f1os, incluidos ni\u00f1os peque\u00f1os y mayores<\/p>\n<blockquote><p>\u2705 Potencia garantizada con calidad terap\u00e9utica de bacterias saludables que apoyan el bienestar. Cepas cuidadosamente seleccionadas para armonizarse entre s\u00ed para adaptarse a las situaciones digestivas de la mayor\u00eda de las personas, independientemente de su edad y sexo.<\/p><\/blockquote>\n<blockquote>\n<h2>\ud83d\udd30 dosis recomendada<\/h2>\n<p>\u00bb Comience con 1 comprimido al d\u00eda en la primera semana, y aumente gradualmente a 2 comprimidos al d\u00eda o m\u00e1s seg\u00fan sea necesario. Este per\u00edodo de iniciaci\u00f3n normalmente durar\u00eda 3 semanas.<\/p>\n<p>\u00bb Los ni\u00f1os menores de 7 a\u00f1os deben tomar la mitad de la dosis de los adultos. Los beb\u00e9s deben tomar 1\/4 la dosis de adultos con tabletas molidas en polvo y mezcladas con agua o leche, para ser alimentadas poco a poco durante todo el d\u00eda.<\/p><\/blockquote>\n<blockquote>\n<h2>\ud83d\udd30 \u00bfPor qu\u00e9 deber\u00eda elegir ProBion?<\/h2>\n<p><strong><br \/>\n\u2705 Culturas Vivas Garantizadas<\/strong><br \/>\n<strong>\u00bb<\/strong> Nuestras tabletas secas tienen 4 a\u00f1os de vida \u00fatil sin necesidad de refrigeraci\u00f3n, con una sostenibilidad 10 veces superior en comparaci\u00f3n con las c\u00e1psulas convencionales. Los an\u00e1lisis de laboratorio muestran que la mayor\u00eda de las bacterias beneficiosas = 90% a\u00fan despu\u00e9s de 4 a\u00f1os permanecen intactas. El estudio cl\u00ednico muestra adem\u00e1s que las bacterias pueden permanecer viables en el intestino delgado y grueso, donde ser\u00e1n capaces de apoyar los efectos terap\u00e9uticos<\/p>\n<p><strong>\u2705 Cepas bien probadas<\/strong><br \/>\n<strong>\u00bb<\/strong> Elegimos cepas con beneficios comprobados respaldados por cientos de estudios revisados por pares, y las combinamos en una matriz con tecnolog\u00eda innovadora para garantizar su paso seguro al intestino donde pueden aliviar trastornos digestivos.<\/p>\n<p><strong>\u2705 Calidad Terap\u00e9utica<br \/>\n<\/strong><strong>\u00bb<\/strong> Los cultivos vigorosos protegidos y entregados al intestino ayudan a que la flora saludable prospere y se asegure de que supere en n\u00famero a las bacterias da\u00f1inas, construyendo las bases para eliminar los trastornos digestivos y otros trastornos de salud<\/p>\n<p><strong>\u2705 Rendimiento probi\u00f3tico prolongado<\/strong><br \/>\n<strong>\u00bb<\/strong> ProBion entrega bacterias sanas vigorosas al tracto gastrointestinal con la liberaci\u00f3n controlada durante 180 minutos, permitiendo 10 veces m\u00e1s deposici\u00f3n y activaci\u00f3n de cultivos vivos en comparaci\u00f3n con las c\u00e1psulas probi\u00f3ticas convencionales<\/p>\n<p><strong>\u2705 tecnolog\u00eda Matrix<br \/>\n<\/strong><strong>\u00bb<\/strong>Matriz PLC (Prolongation of Life Concept) de Wasa Medical &#8211; una estructura \u00fanica de esta forma de tableta ingeniosa se produce con una tecnolog\u00eda de congelaci\u00f3n seca de baja compresi\u00f3n donde se utiliza menos del 10% de la fuerza de compresi\u00f3n convencional. Esto asegura la mayor viabilidad de los cultivos durante y despu\u00e9s de la producci\u00f3n. Las bacterias incrustadas en la matriz est\u00e1n protegidas del da\u00f1o por el ox\u00edgeno y la humedad<\/p>\n<p>Las bacterias se han producido sin a\u00f1adir OMG, l\u00e1cteos, soja, trigo y gluten. Adecuado para veganos, mujeres embarazadas, hombres y ni\u00f1os, incluidos ni\u00f1os peque\u00f1os y mayores.<\/p>\n<p><b>\u2705 Personalizado para su digesti\u00f3n<\/b><\/p>\n<p>Nuestras cepas de bacterias son elegidas cl\u00ednicamente y combinadas por cient\u00edficos suecos para atacar diferentes condiciones digestivas, incluida la motilidad intestinal que es demasiado lenta o demasiado r\u00e1pida o es demasiado sensible causando irregularidades. Las cepas se armonizan entre s\u00ed y son seguras y efectivas para todos independientemente de la edad y el sexo<\/p><\/blockquote>\n<blockquote>\n<h2>\u00bb \u00bfQu\u00e9 hay dentro de ProBion Smart Tablet?<\/h2>\n<p>\u00bb Inulina prebi\u00f3tica &#8211; promueve el crecimiento y la actividad de la flora end\u00f3gena. A menudo se extrae de las ra\u00edces de las endivias.<\/p>\n<p>\u00bb Xanthan &#8211; Producto productor de moco fabricado mediante la fermentaci\u00f3n de carbohidratos. Protege las bacterias en el intestino y controla la disoluci\u00f3n de las tabletas optimizando la exposici\u00f3n de bacterias viables.<\/p>\n<p>\u00bb Estearato de magnesio &#8211; Un compuesto de magnesio y \u00e1cidos este\u00e1ricos, es un agente de flujo que da m\u00e1s consistencia a las tabletas. Certificado RSPO.<\/p>\n<h2>\ud83d\udd30 Desintoxicaci\u00f3n &#8211; \u00bfqu\u00e9 esperar?<\/h2>\n<p>\u2705 ProBion sirve para restaurar el equilibrio de nuestras bacterias intestinales. Al promover el crecimiento de bacterias beneficiosas, tambi\u00e9n causar\u00e1n la muerte de bacterias da\u00f1inas. Este es un proceso de desintoxicaci\u00f3n que puede conducir a crisis de curaci\u00f3n en forma de malestar intestinal y otros s\u00edntomas asociados con problemas de salud cr\u00f3nicos durante las primeras 2-3 semanas. Estos s\u00edntomas pasan a medida que el cuerpo se ajusta a la flora intestinal saludable, lo que conduce a una mejora de la salud a largo plazo.<\/p>\n<p>\u2705 Muchas condiciones insalubres hoy en d\u00eda est\u00e1n relacionadas con una microflora mal equilibrada, o lo que se conoce como disbiosis. Scientific studies increasingly point to correlations between dysbiosis and various ailments. El uso de antibi\u00f3ticos en la atenci\u00f3n sanitaria, la agricultura y la cr\u00eda de animales va en aumento. Hemos esterilizado nuestro medio ambiente de muchas maneras, y esto es perjudicial para nuestro equilibrio de microflora. Cuando no estamos recibiendo suficientes microbios beneficiosos, o los estamos matando porque necesitamos antibi\u00f3ticos, necesitamos la suplementaci\u00f3n de probi\u00f3ticos m\u00e1s que nunca.<\/p>\n<h5><strong>\ud83d\udc4d Como regla general, recomendamos comenzar con ProBion Clinica y\/ o usarlo como un fuerte apoyo para Active, Basic o Daily<\/strong><\/h5>\n<\/blockquote>\n","protected":false},"excerpt":{"rendered":"<p>Para una digesti\u00f3n normal o que altera<\/p>\n<p>150 comprimidos<\/p>\n","protected":false},"featured_media":628,"comment_status":"closed","ping_status":"closed","template":"","meta":[],"product_brand":[],"product_cat":[82],"product_tag":[83,84,89,86,85],"class_list":{"0":"post-955","1":"product","2":"type-product","3":"status-publish","4":"has-post-thumbnail","6":"product_cat-probioticos","7":"product_tag-ibs-es","8":"product_tag-probion-es","9":"product_tag-probion-daily-es","10":"product_tag-probioticos-es","11":"product_tag-probioticos","13":"first","14":"instock","15":"taxable","16":"shipping-taxable","17":"purchasable","18":"product-type-simple"},"_links":{"self":[{"href":"https:\/\/bestprobiotics.eu\/es\/wp-json\/wp\/v2\/product\/955","targetHints":{"allow":["GET"]}}],"collection":[{"href":"https:\/\/bestprobiotics.eu\/es\/wp-json\/wp\/v2\/product"}],"about":[{"href":"https:\/\/bestprobiotics.eu\/es\/wp-json\/wp\/v2\/types\/product"}],"replies":[{"embeddable":true,"href":"https:\/\/bestprobiotics.eu\/es\/wp-json\/wp\/v2\/comments?post=955"}],"wp:featuredmedia":[{"embeddable":true,"href":"https:\/\/bestprobiotics.eu\/es\/wp-json\/wp\/v2\/media\/628"}],"wp:attachment":[{"href":"https:\/\/bestprobiotics.eu\/es\/wp-json\/wp\/v2\/media?parent=955"}],"wp:term":[{"taxonomy":"product_brand","embeddable":true,"href":"https:\/\/bestprobiotics.eu\/es\/wp-json\/wp\/v2\/product_brand?post=955"},{"taxonomy":"product_cat","embeddable":true,"href":"https:\/\/bestprobiotics.eu\/es\/wp-json\/wp\/v2\/product_cat?post=955"},{"taxonomy":"product_tag","embeddable":true,"href":"https:\/\/bestprobiotics.eu\/es\/wp-json\/wp\/v2\/product_tag?post=955"}],"curies":[{"name":"wp","href":"https:\/\/api.w.org\/{rel}","templated":true}]}}