{"id":972,"date":"2020-04-16T09:19:38","date_gmt":"2020-04-16T09:19:38","guid":{"rendered":"https:\/\/bestprobiotics.eu\/politica-de-privacidad\/"},"modified":"2024-06-11T09:31:23","modified_gmt":"2024-06-11T09:31:23","slug":"politica-de-privacidad","status":"publish","type":"page","link":"https:\/\/bestprobiotics.eu\/es\/politica-de-privacidad\/","title":{"rendered":"pol\u00edtica de privacidad"},"content":{"rendered":"\r\n<h1 class=\"wp-block-heading\">pol\u00edtica de privacidad<\/h1>\r\n<h2>NUNCA venderemos sus datos personales a nadie.<\/h2>\r\n<p>IT EASY (\u00abnosotros\u00bb, \u00abnosotros\u00bb, o \u00abnuestro\u00bb) opera el sitio web https:\/\/bestprobiotics.eu (el \u00abServicio\u00bb).<\/p>\r\n<p>Esta p\u00e1gina le informa de nuestras pol\u00edticas con respecto a la recopilaci\u00f3n, uso y divulgaci\u00f3n de datos personales cuando utiliza nuestro Servicio y las opciones que ha asociado con esos datos.<\/p>\r\n<p>Utilizamos sus datos para proporcionar y mejorar el Servicio. Al utilizar el Servicio, usted acepta la recopilaci\u00f3n y el uso de informaci\u00f3n de acuerdo con esta pol\u00edtica. A menos que se defina lo contrario en esta Pol\u00edtica de privacidad, los t\u00e9rminos utilizados en esta Pol\u00edtica de privacidad tienen el mismo significado que en nuestros T\u00e9rminos y condiciones, accesibles desde https:\/\/bestprobiotics.eu<\/p>\r\n<h2>definiciones<\/h2>\r\n<h3>datos personales<\/h3>\r\n<p>Datos personales significa datos sobre un individuo vivo que puede ser identificado a partir de esos datos (o de esa y otra informaci\u00f3n ya sea en nuestro poder o que es probable que entre en nuestro poder).<\/p>\r\n<h3>datos personales<\/h3>\r\n<p>Los Datos de uso son datos recopilados autom\u00e1ticamente, ya sea generados por el uso del Servicio o desde la propia infraestructura del Servicio (por ejemplo, la duraci\u00f3n de una visita a la p\u00e1gina).<\/p>\r\n<h3>Las cookies<\/h3>\r\n<p>Las cookies son peque\u00f1as piezas de datos almacenadas en el dispositivo del usuario.<\/p>\r\n<h3>controlador de datos<\/h3>\r\n<p>Responsable del tratamiento de datos significa una persona que (ya sea sola o conjuntamente o en com\u00fan con otras personas) determina los fines para los que y la forma en que se procesan o van a ser tratados los datos personales.<\/p>\r\n<p>Para el prop\u00f3sito de esta Pol\u00edtica de Privacidad, somos un Controlador de Datos de sus datos.<\/p>\r\n<h3>Procesador de datos (o proveedores de servicios)<\/h3>\r\n<p>Procesador de datos (o proveedor de servicios) significa cualquier persona (que no sea un empleado del Controlador de datos) que procese los datos en nombre del Controlador de datos.<\/p>\r\n<p>Podemos utilizar los servicios de varios proveedores de servicios para procesar sus datos de manera m\u00e1s eficaz.<\/p>\r\n<h3>interesado<\/h3>\r\n<p>El Interesado es cualquier individuo vivo que es el sujeto de Datos Personales.<\/p>\r\n<h3>El Usuario<\/h3>\r\n<p>El Usuario es la persona que utiliza nuestro Servicio. El Usuario corresponde al Interesado, que es el sujeto de Datos Personales.<\/p>\r\n<h2>recopilaci\u00f3n y uso de informaci\u00f3n<\/h2>\r\n<p>Recopilamos varios tipos diferentes de informaci\u00f3n para diversos prop\u00f3sitos para proporcionarle y mejorar nuestro Servicio.<\/p>\r\n<h3>tipos de datos recogidos<\/h3>\r\n<h4>datos personales<\/h4>\r\n<p>Durante el uso de nuestro Servicio, podemos pedirle que nos proporcione cierta informaci\u00f3n de identificaci\u00f3n personal que se puede utilizar para contactarlo o identificarlo (\u00abDatos personales\u00bb). La informaci\u00f3n de identificaci\u00f3n personal puede incluir, pero no se limita a:<\/p>\r\n<ul>\r\n<li>Direcci\u00f3n de correo electr\u00f3nico<\/li>\r\n<li>Nombre y apellidos<\/li>\r\n<li>N\u00famero de tel\u00e9fono<\/li>\r\n<li>Direcci\u00f3n, Estado, Provincia, C\u00f3digo postal\/postal, Ciudad<\/li>\r\n<li>Cookies y datos de uso<\/li>\r\n<\/ul>\r\n<p>Podemos utilizar sus Datos personales para ponernos en contacto con usted con boletines informativos, materiales de marketing o promocionales y otra informaci\u00f3n que pueda ser de su inter\u00e9s. Usted puede optar por no recibir ninguna, o todas, de estas comunicaciones de nosotros siguiendo el enlace de cancelaci\u00f3n de suscripci\u00f3n o las instrucciones proporcionadas en cualquier correo electr\u00f3nico que enviemos.<\/p>\r\n<h4>datos personales<\/h4>\r\n<p>Tambi\u00e9n podemos recopilar informaci\u00f3n sobre c\u00f3mo se accede y se utiliza el Servicio (\u00abDatos de uso\u00bb). Estos Datos de uso pueden incluir informaci\u00f3n como la direcci\u00f3n del Protocolo de Internet de su computadora (p. ej., direcci\u00f3n IP), tipo de navegador, versi\u00f3n del navegador, las p\u00e1ginas de nuestro Servicio que visita, la hora y fecha de su visita, el tiempo dedicado a esas p\u00e1ginas, identificadores de dispositivos \u00fanicos y otros datos de diagn\u00f3stico.<\/p>\r\n<h4>Datos de seguimiento y cookies<\/h4>\r\n<p>Utilizamos cookies y tecnolog\u00edas de seguimiento similares para rastrear la actividad en nuestro Servicio y mantener cierta informaci\u00f3n.<\/p>\r\n<p>Las cookies son archivos con una peque\u00f1a cantidad de datos que pueden incluir un identificador \u00fanico an\u00f3nimo. Las cookies se env\u00edan a su navegador desde un sitio web y se almacenan en su dispositivo. Las tecnolog\u00edas de seguimiento tambi\u00e9n se utilizan como balizas, etiquetas y scripts para recopilar y rastrear informaci\u00f3n y para mejorar y analizar nuestro Servicio.<\/p>\r\n<p>Puede indicar a su navegador que rechace todas las cookies o que indique cu\u00e1ndo se env\u00eda una cookie. Sin embargo, si no acepta las cookies, es posible que no pueda utilizar algunas partes de nuestro Servicio.<\/p>\r\n<p>Ejemplos de cookies que utilizamos:<\/p>\r\n<ul>\r\n<li>Cookies de sesi\u00f3n. Utilizamos cookies de sesi\u00f3n para operar nuestro Servicio.<\/li>\r\n<li>Cookies de preferencia. Utilizamos cookies de preferencia para recordar sus preferencias y varias configuraciones.<\/li>\r\n<li>Cookies de seguridad. Utilizamos cookies de seguridad para fines de seguridad.<\/li>\r\n<\/ul>\r\n<h2>uso de datos<\/h2>\r\n<p>IT EASY utiliza los datos recopilados para diversos fines:<\/p>\r\n<ul>\r\n<li>Para proporcionar y mantener nuestro Servicio<\/li>\r\n<li>Para notificarle sobre cambios en nuestro Servicio<\/li>\r\n<li>Para permitirle participar en las funciones interactivas de nuestro Servicio cuando elija hacerlo<\/li>\r\n<li>Para proporcionar atenci\u00f3n al cliente<\/li>\r\n<li>Recopilar an\u00e1lisis o informaci\u00f3n valiosa para que podamos mejorar nuestro Servicio<\/li>\r\n<li>Para monitorear el uso de nuestro Servicio<\/li>\r\n<li>Detectar, prevenir y abordar problemas t\u00e9cnicos<\/li>\r\n<li>Para proporcionarle noticias, ofertas especiales e informaci\u00f3n general sobre otros bienes, servicios y eventos que<\/li>\r\n<li>ofrecemos que son similares a los que ya ha comprado o solicitado a menos que haya optado por no recibir dicha informaci\u00f3n<\/li>\r\n<\/ul>\r\n<h2>retenci\u00f3n de datos<\/h2>\r\n<p>IT EASY conservar\u00e1 sus Datos Personales solo durante el tiempo que sea necesario para los fines establecidos en esta Pol\u00edtica de Privacidad. Conservaremos y usaremos sus Datos Personales en la medida necesaria para cumplir con nuestras obligaciones legales (por ejemplo, si estamos obligados a conservar sus datos para cumplir con las leyes aplicables), resolver disputas y hacer cumplir nuestros acuerdos y pol\u00edticas legales.<\/p>\r\n<p>IT EASY tambi\u00e9n conservar\u00e1 los datos de uso para fines de an\u00e1lisis interno. Los Datos de uso se conservan generalmente durante un per\u00edodo de tiempo m\u00e1s corto, excepto cuando estos datos se utilizan para reforzar la seguridad o para mejorar la funcionalidad de nuestro Servicio, o estamos obligados legalmente a conservar estos datos durante per\u00edodos de tiempo m\u00e1s largos.<\/p>\r\n<h2>transferencia de datos<\/h2>\r\n<p>Su informaci\u00f3n, incluyendo Datos Personales, puede ser transferida a &#8211; y mantenida en &#8211; computadoras ubicadas fuera de su estado, provincia, pa\u00eds u otra jurisdicci\u00f3n gubernamental donde las leyes de protecci\u00f3n de datos pueden diferir de las de su jurisdicci\u00f3n.<\/p>\r\n<p>Su consentimiento a esta Pol\u00edtica de Privacidad seguido de su env\u00edo de dicha informaci\u00f3n representa su acuerdo con esa transferencia.<\/p>\r\n<p>IT EASY tomar\u00e1 todas las medidas razonablemente necesarias para garantizar que sus datos sean tratados de forma segura y de acuerdo con esta Pol\u00edtica de Privacidad y no se realizar\u00e1 ninguna transferencia de sus Datos Personales a una organizaci\u00f3n o un pa\u00eds a menos que haya controles adecuados en vigor, incluyendo el seguridad de sus datos y otra informaci\u00f3n personal.<\/p>\r\n<h2>divulgaci\u00f3n de datos<\/h2>\r\n<h3>transacci\u00f3n comercial<\/h3>\r\n<p>Si IT EASY est\u00e1 involucrado en una fusi\u00f3n, adquisici\u00f3n o venta de activos, sus Datos personales pueden ser transferidos. Proporcionaremos un aviso antes de que sus Datos Personales sean transferidos y est\u00e9n sujetos a una Pol\u00edtica de Privacidad diferente.<\/p>\r\n<h3>Divulgaci\u00f3n para la aplicaci\u00f3n de la ley<\/h3>\r\n<p>Si IT EASY est\u00e1 involucrado en una fusi\u00f3n, adquisici\u00f3n o venta de activos, sus Datos personales pueden ser transferidos. Proporcionaremos un aviso antes de que sus Datos Personales sean transferidos y est\u00e9n sujetos a una Pol\u00edtica de Privacidad diferente.<\/p>\r\n<h3>requisitos legales<\/h3>\r\n<p>IT EASY puede divulgar sus Datos Personales de buena fe creyendo que tal acci\u00f3n es necesaria para:<\/p>\r\n<ul>\r\n<li>Para cumplir con una obligaci\u00f3n legal<\/li>\r\n<li>Para proteger y defender los derechos o propiedad de TI EASY<\/li>\r\n<li>Para prevenir o investigar posibles irregularidades en relaci\u00f3n con el Servicio<\/li>\r\n<li>Proteger la seguridad personal de los usuarios del Servicio o del p\u00fablico<\/li>\r\n<li>Para proteger contra la responsabilidad legal<\/li>\r\n<\/ul>\r\n<h2>seguridad de los datos<\/h2>\r\n<p>La seguridad de sus datos es importante para nosotros, pero recuerde que ning\u00fan m\u00e9todo de transmisi\u00f3n a trav\u00e9s de Internet, o m\u00e9todo de almacenamiento electr\u00f3nico es 100% seguro. Si bien nos esforzamos por utilizar medios comercialmente aceptables para proteger sus Datos personales, no podemos garantizar su seguridad absoluta.<\/p>\r\n<h2>tus derechos<\/h2>\r\n<p>IT EASY tiene como objetivo tomar medidas razonables para permitirle corregir, modificar, eliminar o limitar el uso de sus Datos personales.<\/p>\r\n<p>Siempre que sea posible, puede actualizar sus Datos personales directamente en la secci\u00f3n de configuraci\u00f3n de su cuenta. Si no puede cambiar sus Datos personales, p\u00f3ngase en contacto con nosotros para realizar los cambios necesarios.<\/p>\r\n<p>Si desea que le informemos qu\u00e9 Datos Personales tenemos sobre usted y si desea que se eliminen de nuestros sistemas, p\u00f3ngase en contacto con nosotros.<\/p>\r\n<p>En ciertas circunstancias, usted tiene el derecho:<\/p>\r\n<ul>\r\n<li>Para acceder y recibir una copia de los Datos Personales que tenemos sobre usted<\/li>\r\n<li>Para rectificar cualquier Dato Personal que tenga sobre usted que sea inexacto<\/li>\r\n<li>Para solicitar la eliminaci\u00f3n de los Datos Personales sobre usted<\/li>\r\n<\/ul>\r\n<p>Tiene derecho a la portabilidad de datos para la informaci\u00f3n que proporcione a IT EASY Puede solicitar obtener una copia de sus Datos personales en un formato electr\u00f3nico de uso com\u00fan para que pueda gestionarlos y moverlos.<\/p>\r\n<p>Tenga en cuenta que podemos pedirle que verifique su identidad antes de responder a dichas solicitudes.<\/p>\r\n<h2>proveedores de servicios<\/h2>\r\n<p>Podemos emplear a empresas e individuos de terceros para facilitar nuestro Servicio (\u00abProveedores de servicios\u00bb), para proporcionar el Servicio en nuestro nombre, para realizar servicios relacionados con el Servicio o para ayudarnos a analizar c\u00f3mo se utiliza nuestro Servicio.<\/p>\r\n<p>Estos terceros tienen acceso a sus Datos personales solo para realizar estas tareas en nuestro nombre y est\u00e1n obligados a no divulgarlos ni utilizarlos para ning\u00fan otro prop\u00f3sito.<\/p>\r\n<h3>servicios de redes sociales<\/h3>\r\n<p>Puede registrarse para obtener una cuenta directamente en nuestro Sitio, o a trav\u00e9s de un servicio de redes sociales. Si se registra en un servicio de redes sociales (o m\u00e1s tarde vincula su cuenta a una), recopilaremos cierta informaci\u00f3n sobre usted de ese servicio de redes sociales, y lo que recopilamos depende de su configuraci\u00f3n de privacidad con ese servicio de redes sociales. El Servicio tambi\u00e9n puede permitirle \u00abgustar\u00bb o compartir contenido con servicios de redes sociales. Puede registrarse para unirse al Servicio directamente a trav\u00e9s del Servicio o iniciando sesi\u00f3n en su cuenta con un servicio de redes sociales de terceros (\u00abSNS\u00bb) a trav\u00e9s de nuestro Servicio (por ejemplo, Facebook, Google y otros servicios de terceros que le permiten iniciar sesi\u00f3n utilizando sus credenciales existentes con esos servicios). Si decide registrarse a trav\u00e9s de un SNS, o vincular su cuenta con el Servicio a su cuenta con un SNS, utilizaremos la Informaci\u00f3n personal que ha proporcionado al SNS (como su nombre, direcci\u00f3n de correo electr\u00f3nico y potencialmente otra informaci\u00f3n que ponga a disposici\u00f3n del p\u00fablico a trav\u00e9s del SNS) para crear su cuenta. Tenga en cuenta que la informaci\u00f3n que recopilamos de y a trav\u00e9s de un SNS puede depender de la configuraci\u00f3n de privacidad que haya establecido con el SNS y los permisos que nos conceda en relaci\u00f3n con la vinculaci\u00f3n de su cuenta con el Servicio a su cuenta con un SNS. Aparte de lo que podemos compartir con el SNS como se describe a continuaci\u00f3n, la informaci\u00f3n personal que un SNS tiene sobre usted es obtenida por el SNS independiente de nuestro Servicio, y no somos responsables de ello.<\/p>\r\n<p>El servicio tambi\u00e9n puede permitir interacciones adicionales entre \u00e9l y un sitio web, servicio u otro proveedor de contenido de terceros, como permitirle \u00abgustar\u00bb o compartir contenido con un SNS de terceros. Si elige \u00abme gusta\u00bb o compartir contenido, o compartir informaci\u00f3n de o a trav\u00e9s de nuestro Servicio con un sitio o servicio de terceros, esa informaci\u00f3n puede mostrarse p\u00fablicamente y el tercero puede tener acceso a informaci\u00f3n sobre usted y su uso de nuestro Servicio (y es posible que tengamos acceso a informaci\u00f3n sobre usted de ese tercero). Estas caracter\u00edsticas pueden recopilar su direcci\u00f3n IP, la p\u00e1gina que est\u00e1 visitando en nuestro sitio, y pueden establecer una cookie para permitir que la funci\u00f3n funcione correctamente. Sus interacciones con terceros a trav\u00e9s de un SNS o caracter\u00edsticas similares se rigen por las respectivas pol\u00edticas de privacidad de dichos terceros. Usted declara que tiene derecho a utilizar su cuenta de SNS para los fines descritos en el presente documento sin incumplimiento por su parte de ninguno de los t\u00e9rminos y condiciones que rigen el SNS, y sin obligar a los Estados Unidos a pagar tarifas o hacer que ProBion est\u00e9 sujeto a las limitaciones de uso impuestas por dicho SNS. Puede desactivar el enlace entre su cuenta de Servicio y su cuenta de SNS en cualquier momento a trav\u00e9s de la secci\u00f3n \u00abConfiguraci\u00f3n\u00bb de nuestro Servicio. Tenga en cuenta que su relaci\u00f3n con cualquier SNS se rige \u00fanicamente por su acuerdo (s) con dicho SNS. Si su cuenta SNS termina, las funciones habilitadas a trav\u00e9s del enlace entre su cuenta bestprobiotics.eu y su cuenta SNS tambi\u00e9n terminar\u00e1n.<\/p>\r\n<h3>an\u00e1lisis<\/h3>\r\n<p>Podemos utilizar proveedores de servicios de terceros para supervisar y analizar el uso de nuestro Servicio.<\/p>\r\n<p><strong>Google Analytics<\/strong><\/p>\r\n<p>Google Analytics es un servicio de an\u00e1lisis web ofrecido por Google que rastrea e informa el tr\u00e1fico del sitio web. Google utiliza los datos recopilados para rastrear y supervisar el uso de nuestro Servicio. Estos datos se comparten con otros servicios de Google. Google puede utilizar los datos recopilados para contextualizar y personalizar los anuncios de su propia red de publicidad.Puede optar por no haber puesto su actividad en el Servicio a disposici\u00f3n de Google Analytics instalando el complemento de exclusi\u00f3n del navegador de Google Analytics. El complemento impide que Google Analytics JavaScript (ga.js, analytics.js y dc.js) comparta informaci\u00f3n con Google Analytics sobre la actividad de las visitas.Para obtener m\u00e1s informaci\u00f3n sobre las pr\u00e1cticas de privacidad de Google, visite la p\u00e1gina web de Privacidad y t\u00e9rminos de Google:<\/p>\r\n<p><a href=\"https:\/\/www.google.com\/intl\/en\/policies\/privacy\/\">http:\/\/www.google.com\/intl\/en\/policies\/privacy\/<\/a><\/p>\r\n<h3>pagos<\/h3>\r\n<p>Podemos proporcionar productos y\/o servicios de pago dentro del Servicio. En ese caso, utilizamos servicios de terceros para el procesamiento de pagos (p. ej., procesadores de pagos).<\/p>\r\n<p>No almacenaremos ni recogeremos los datos de su tarjeta de pago. Esa informaci\u00f3n se proporciona directamente a nuestros procesadores de pagos de terceros cuyo uso de su informaci\u00f3n personal se rige por su Pol\u00edtica de privacidad. Estos procesadores de pago se adhieren a los est\u00e1ndares establecidos por PCI-DSS como gestionado por el Consejo de Normas de Seguridad PCI, que es un esfuerzo conjunto de marcas como Visa, Mastercard, American Express y Discover. Los requisitos de PCI-DSS ayudan a garantizar el manejo seguro de la informaci\u00f3n de pago.<\/p>\r\n<p>Los procesadores de pagos con los que trabajamos son:<\/p>\r\n<ul>\r\n<li>\r\n<p><strong>Stripe<\/strong><\/p>\r\n<p>Su Pol\u00edtica de Privacidad puede consultarse en.\u00a0 \u00a0<a href=\"https:\/\/stripe.com\/us\/privacy\">https:\/\/stripe.com\/us\/privacy<\/a><\/p>\r\n<\/li>\r\n<li>\r\n<p><strong>PayPal or Braintree<\/strong><\/p>\r\n<p>Su Pol\u00edtica de Privacidad puede consultarse en.\u00a0 <a href=\"https:\/\/www.paypal.com\/webapps\/mpp\/ua\/privacy-full\">https:\/\/www.paypal.com\/webapps\/mpp\/ua\/privacy-full<\/a><\/p>\r\n<\/li>\r\n<\/ul>\r\n<h2>enlaces a otros sitios<\/h2>\r\n<p>Nuestro Servicio puede contener enlaces a otros sitios que no son operados por nosotros. Si hace clic en un enlace de terceros, se le dirigir\u00e1 al sitio de ese tercero. Le recomendamos encarecidamente que revise la Pol\u00edtica de privacidad de cada sitio que visite.<\/p>\r\n<p>No tenemos control ni asumimos ninguna responsabilidad por el contenido, las pol\u00edticas de privacidad o las pr\u00e1cticas de los sitios o servicios de terceros.<\/p>\r\n<h2>la privacidad de los ni\u00f1os<\/h2>\r\n<p>Nuestro Servicio no se dirige a personas menores de 13 a\u00f1os (\u00abNi\u00f1os\u00bb).<\/p>\r\n<p>No recopilamos a sabiendas informaci\u00f3n de identificaci\u00f3n personal de personas menores de 13 a\u00f1os. Si usted es padre o tutor y es consciente de que sus Hijos nos han proporcionado Datos Personales, p\u00f3ngase en contacto con nosotros. Si nos damos cuenta de que hemos recopilado Datos personales de ni\u00f1os sin verificaci\u00f3n del consentimiento de los padres, tomamos medidas para eliminar esa informaci\u00f3n de nuestros servidores.<\/p>\r\n<h2>Cambios a esta Pol\u00edtica de Privacidad<\/h2>\r\n<p>Podemos actualizar nuestra Pol\u00edtica de privacidad de vez en cuando. Le notificaremos de cualquier cambio mediante la publicaci\u00f3n de la nueva Pol\u00edtica de privacidad en esta p\u00e1gina.<\/p>\r\n<p>Le informaremos por correo electr\u00f3nico y\/ o un aviso destacado en nuestro Servicio, antes de que el cambio entre en vigor y actualice la \u00abfecha de entrada en vigor\u00bb en la parte superior de esta Pol\u00edtica de privacidad.<\/p>\r\n<p>Le recomendamos que revise esta Pol\u00edtica de privacidad peri\u00f3dicamente para cualquier cambio. Los cambios a esta Pol\u00edtica de Privacidad son efectivos cuando se publican en esta p\u00e1gina.<\/p>\r\n<h2>contacto con nosotros<\/h2>\r\n<p>Si tiene alguna pregunta sobre esta Pol\u00edtica de Privacidad, p\u00f3ngase en contacto con nosotros:<\/p>\r\n<ul>\r\n<li>Por correo electr\u00f3nico: contact@bestprobiotics.eu<\/li>\r\n<\/ul>\r\n","protected":false},"excerpt":{"rendered":"<p>pol\u00edtica de privacidad NUNCA venderemos sus datos personales a nadie. IT EASY (\u00abnosotros\u00bb, \u00abnosotros\u00bb, o \u00abnuestro\u00bb) opera el sitio web https:\/\/bestprobiotics.eu (el \u00abServicio\u00bb). Esta p\u00e1gina le informa de nuestras pol\u00edticas con respecto a la recopilaci\u00f3n, uso y divulgaci\u00f3n de datos personales cuando utiliza nuestro Servicio y las opciones que ha asociado con esos datos. Utilizamos sus datos para proporcionar y mejorar el Servicio. Al utilizar el Servicio, usted acepta la recopilaci\u00f3n y el uso de informaci\u00f3n de acuerdo con esta pol\u00edtica. A menos que se defina lo contrario en esta Pol\u00edtica de privacidad, los t\u00e9rminos utilizados en esta Pol\u00edtica de privacidad tienen el mismo significado que en nuestros T\u00e9rminos y condiciones, accesibles desde https:\/\/bestprobiotics.eu definiciones datos personales Datos personales significa datos sobre un individuo vivo que puede ser identificado a partir de esos datos (o de esa y otra informaci\u00f3n ya sea en nuestro poder o que es probable que entre en nuestro poder). datos personales Los Datos de uso son datos recopilados autom\u00e1ticamente, ya sea generados por el uso del Servicio o desde la propia infraestructura del Servicio (por ejemplo, la duraci\u00f3n de una visita a la p\u00e1gina). Las cookies Las cookies son peque\u00f1as piezas de datos almacenadas en el dispositivo del usuario. controlador de datos Responsable del tratamiento de datos significa una persona que (ya sea sola o conjuntamente o en com\u00fan con otras personas) determina los fines para los que y la forma en que se procesan o van a ser tratados los datos personales. Para el prop\u00f3sito de esta Pol\u00edtica de Privacidad, somos un Controlador de<span class=\"excerpt-hellip\"> [\u2026]<\/span><\/p>\n","protected":false},"author":1,"featured_media":0,"parent":0,"menu_order":0,"comment_status":"closed","ping_status":"open","template":"","meta":{"footnotes":""},"class_list":["post-972","page","type-page","status-publish","hentry"],"_links":{"self":[{"href":"https:\/\/bestprobiotics.eu\/es\/wp-json\/wp\/v2\/pages\/972","targetHints":{"allow":["GET"]}}],"collection":[{"href":"https:\/\/bestprobiotics.eu\/es\/wp-json\/wp\/v2\/pages"}],"about":[{"href":"https:\/\/bestprobiotics.eu\/es\/wp-json\/wp\/v2\/types\/page"}],"author":[{"embeddable":true,"href":"https:\/\/bestprobiotics.eu\/es\/wp-json\/wp\/v2\/users\/1"}],"replies":[{"embeddable":true,"href":"https:\/\/bestprobiotics.eu\/es\/wp-json\/wp\/v2\/comments?post=972"}],"version-history":[{"count":3,"href":"https:\/\/bestprobiotics.eu\/es\/wp-json\/wp\/v2\/pages\/972\/revisions"}],"predecessor-version":[{"id":1009,"href":"https:\/\/bestprobiotics.eu\/es\/wp-json\/wp\/v2\/pages\/972\/revisions\/1009"}],"wp:attachment":[{"href":"https:\/\/bestprobiotics.eu\/es\/wp-json\/wp\/v2\/media?parent=972"}],"curies":[{"name":"wp","href":"https:\/\/api.w.org\/{rel}","templated":true}]}}