{"id":877,"date":"2022-08-16T11:59:51","date_gmt":"2022-08-16T11:59:51","guid":{"rendered":"https:\/\/bestprobiotics.eu\/product\/probion-clinica\/"},"modified":"2022-08-16T11:59:51","modified_gmt":"2022-08-16T11:59:51","slug":"probion-clinica","status":"publish","type":"product","link":"https:\/\/bestprobiotics.eu\/de\/product\/probion-clinica\/","title":{"rendered":"ProBion Clinica"},"content":{"rendered":"<h2>Hohe St\u00e4rke f\u00fcr die meisten Einzelpersonen u. als Erg\u00e4nzung zu A\/B\/D.<\/h2>\n<p>Pharmazeutische Potenz mit therapeutischer Qualit\u00e4t von gesunden Bakterien zur Unterst\u00fctzung des Wohlbefindens. Sorten, die sorgf\u00e4ltig ausgew\u00e4hlt wurden, um miteinander zu harmonieren, um den Verdauungsgewohnheiten der meisten Menschen zu entsprechen.<\/p>\n<p>Probion Clinica ist ein hochfestes Probiotikum, das f\u00fcr alle Verdauungssituationen geeignet ist, in denen extra hohe St\u00e4rke gew\u00fcnscht wird oder wenn Sie gerade erst mit Probiotika beginnen. Verwenden Sie auch die Durchsetzung von Active, Basic oder Daily, w\u00e4hrend Sie Antibiotika oder Detox verwenden.<\/p>\n<p>10 Milliarden Bakterien pro Tablette, mit Stammgehalt:<\/p>\n<ul>\n<li>Bifidobacterium lactis<\/li>\n<li>Lactobacillus acidophilus<\/li>\n<\/ul>\n<p>Die Bakterien wurden ohne Zusatz von GVO, Milchprodukten, Soja, Weizen und Gluten hergestellt. Geeignet f\u00fcr Veganer, Schwangere, M\u00e4nner und Kinder einschlie\u00dflich Kleinkinder und \u00c4ltere<\/p>\n<blockquote><p>\u2705 Garantierte Potenz mit therapeutischer Qualit\u00e4t gesunder Bakterien zur Unterst\u00fctzung des Wohlbefindens. Sorten, die sorgf\u00e4ltig ausgew\u00e4hlt wurden, um miteinander zu harmonieren, um den Verdauungssituationen der meisten Menschen unabh\u00e4ngig von Alter und Geschlecht zu entsprechen.<\/p><\/blockquote>\n<blockquote>\n<h2>\ud83d\udd30 empfohlene Dosierung<\/h2>\n<p>\u00bb Beginnen Sie mit 1 Tablette pro Tag in der ersten Woche und erh\u00f6hen Sie schrittweise auf 2 Tabletten pro Tag oder mehr nach Bedarf. Dieser Einf\u00fchrungszeitraum w\u00fcrde normalerweise innerhalb von 3 Wochen dauern.<\/p>\n<p>\u00bb Kinder unter 7 Jahren sollten die H\u00e4lfte der Dosis von Erwachsenen einnehmen. S\u00e4uglinge sollten 1\/4 der Dosierung von Erwachsenen mit Tabletten einnehmen, die zu Pulver gemahlen und mit Wasser oder Milch gemischt werden, um den ganzen Tag \u00fcber nach und nach gef\u00fcttert zu werden.<\/p><\/blockquote>\n<blockquote>\n<h2>\ud83d\udd30 Warum sollten Sie sich f\u00fcr ProBion entscheiden?<\/h2>\n<p><strong><br \/>\n\u2705 Garantierte Live-Kulturen<\/strong><br \/>\n<strong>\u00bb<\/strong> Unsere trockenen Tabletten haben eine Haltbarkeit von 4 Jahren ohne K\u00fchlung, mit 10-facher Nachhaltigkeit im Vergleich zu herk\u00f6mmlichen Kapseln. Laboranalysen zeigen, dass die meisten n\u00fctzlichen Bakterien = 90% noch nach 4 Jahren unbesch\u00e4digt bleiben. Die klinische Studie zeigt weiter, dass die Bakterien im D\u00fcnn- und Dickdarm lebensf\u00e4hig bleiben k\u00f6nnen, wo sie in der Lage sind, therapeutische Effekte zu unterst\u00fctzen<\/p>\n<p><strong>\u2705 Gut getestete St\u00e4mme<\/strong><br \/>\n<strong>\u00bb<\/strong> Wir w\u00e4hlen Sorten mit nachgewiesenem Nutzen, unterst\u00fctzt durch Hunderte von Peer-Review-Studien, und wir kombinieren sie in einer Matrix mit innovativer Technologie, um ihren sicheren Durchgang in den Darm zu gew\u00e4hrleisten, wo sie Verdauungsst\u00f6rungen lindern k\u00f6nnen.<\/p>\n<p><strong>\u2705 Therapeutische Qualit\u00e4t<br \/>\n<\/strong><strong>\u00bb<\/strong> Kr\u00e4ftige Kulturen, die gesch\u00fctzt und dem Darm zugef\u00fchrt werden, helfen einer gesunden Flora, zu gedeihen und sicherzustellen, dass sie sch\u00e4dliche Bakterien \u00fcbertreffen, und bilden die Grundlage f\u00fcr die Beseitigung von Verdauungs- und anderen Gesundheitsst\u00f6rungen<\/p>\n<p><strong>\u2705 Verl\u00e4ngerte probiotische Leistung<\/strong><br \/>\n<strong>\u00bb<\/strong> ProBion liefert kr\u00e4ftige gesunde Bakterien in den Magen-Darm-Trakt mit der kontrollierten Freisetzung \u00fcber 180 Minuten und erm\u00f6glicht 10-mal so viel Ablagerung und Aktivierung von Lebendkulturen im Vergleich zu herk\u00f6mmlichen probiotischen Kapseln<\/p>\n<p><strong>\u2705 Matrix-Technologie<br \/>\n<\/strong><strong>\u00bb<\/strong>Wasa Medical\u2019s PLC (Prolongation of Life Concept) Matrix &#8211; eine einzigartige Struktur dieser genialen Tablettenform wird mit einer Gefriertrocknungstechnologie mit niedriger Kompression hergestellt, bei der 10% der herk\u00f6mmlichen Kompressionskraft verwendet werden. Dies gew\u00e4hrleistet die gr\u00f6\u00dftm\u00f6gliche Lebensf\u00e4higkeit der Kulturen w\u00e4hrend und nach der Produktion. In die Matrix eingebettete Bakterien werden vor Sch\u00e4den durch Sauerstoff und Feuchtigkeit gesch\u00fctzt<\/p>\n<p>Die Bakterien wurden ohne Zusatz von GVO, Milchprodukten, Soja, Weizen und Gluten hergestellt. Geeignet f\u00fcr Veganer, Schwangere, M\u00e4nner und Kinder einschlie\u00dflich Kleinkinder und \u00c4ltere.<\/p>\n<p><b>\u2705 Ma\u00dfgeschneidert f\u00fcr Ihre Verdauung<\/b><\/p>\n<p>Unsere Bakterienst\u00e4mme werden von schwedischen Wissenschaftlern klinisch ausgew\u00e4hlt und kombiniert, um verschiedene Verdauungsbedingungen zu bek\u00e4mpfen, einschlie\u00dflich der Darmmotilit\u00e4t, die zu langsam oder zu schnell ist oder zu empfindlich ist und Unregelm\u00e4\u00dfigkeiten verursacht. Die St\u00e4mme harmonieren miteinander und sind sicher und wirksam f\u00fcr alle, unabh\u00e4ngig von Alter und Geschlecht<\/p><\/blockquote>\n<blockquote>\n<h2>\u00bb War steckt in ProBion Smart Tablet?<\/h2>\n<p>\u00bb Prebiotic Inulin &#8211; f\u00f6rdert das Wachstum und die Aktivit\u00e4t der k\u00f6rpereigenen Flora. Oft aus den Wurzeln von Endivien extrahiert.<\/p>\n<p>\u00bb Xanthan &#8211; Schleim produzierendes Produkt, das durch Fermentierung von Kohlenhydraten hergestellt wird. Es sch\u00fctzt die Bakterien im Darm und kontrolliert die Aufl\u00f6sung der Tabletten und optimiert die Exposition lebensf\u00e4higer Bakterien.<\/p>\n<p>\u00bb Magnesiumstearat &#8211; Eine Verbindung aus Magnesium und Stearins\u00e4uren, es ist ein Flie\u00dfmittel, das Tabletten mehr Konsistenz verleiht. RSPO-Zertifikat.<\/p>\n<h2>\ud83d\udd30 Detox &#8211; was erwartet Sie?<\/h2>\n<p>\u2705 ProBion dient dazu, das Gleichgewicht unserer Darmbakterien wiederherzustellen. W\u00e4hrend sie das Wachstum von n\u00fctzlichen Bakterien f\u00f6rdern, verursachen sie auch das Absterben von sch\u00e4dlichen Bakterien. Dies ist ein Entgiftungsprozess, der in den ersten 2-3 Wochen zu Heilungskrisen in Form von Darmbeschwerden und anderen Symptomen im Zusammenhang mit chronischen Gesundheitsproblemen f\u00fchren kann. Diese Symptome vergehen, wenn sich der K\u00f6rper an eine gesunde Darmflora gew\u00f6hnt, was zu einer langfristigen Verbesserung der Gesundheit f\u00fchrt.<\/p>\n<p>\u2705 Viele ungesunde Zust\u00e4nde sind heute mit einer schlecht ausbalancierten Mikroflora oder einer sogenannten Dysbiose verbunden. Wissenschaftliche Studien weisen zunehmend auf Zusammenh\u00e4nge zwischen Dysbiose und verschiedenen Beschwerden hin. Der Einsatz von Antibiotika im Gesundheitswesen, in der Landwirtschaft und in der Tierhaltung nimmt zu. Wir haben unsere Umwelt in vielerlei Hinsicht sterilisiert, und das schadet unserer Mikroflorabalance. Wenn wir nicht genug n\u00fctzliche Mikroben bekommen oder sie t\u00f6ten, weil wir Antibiotika brauchen, brauchen wir mehr denn je eine Erg\u00e4nzung von Probiotika.<\/p>\n<h5><strong>\ud83d\udc4d Als Faustregel empfehlen wir, mit ProBion Clinica zu beginnen und\/oder es als starke Unterst\u00fctzung f\u00fcr Active, Basic oder Daily zu verwenden<\/strong><\/h5>\n<\/blockquote>\n","protected":false},"excerpt":{"rendered":"<p>Hohe St\u00e4rke f\u00fcr die meisten Einzelpersonen u. als Erg\u00e4nzung zu A\/B\/D<br \/>\n150 Tabletten<\/p>\n","protected":false},"featured_media":624,"comment_status":"closed","ping_status":"closed","template":"","meta":[],"product_brand":[],"product_cat":[55],"product_tag":[56,57,64,60,58],"class_list":{"0":"post-877","1":"product","2":"type-product","3":"status-publish","4":"has-post-thumbnail","6":"product_cat-probiotika","7":"product_tag-ibs-de","8":"product_tag-probion-de","9":"product_tag-probion-clinica-de","10":"product_tag-probiotika","11":"product_tag-probiotische","13":"first","14":"instock","15":"taxable","16":"shipping-taxable","17":"purchasable","18":"product-type-simple"},"_links":{"self":[{"href":"https:\/\/bestprobiotics.eu\/de\/wp-json\/wp\/v2\/product\/877","targetHints":{"allow":["GET"]}}],"collection":[{"href":"https:\/\/bestprobiotics.eu\/de\/wp-json\/wp\/v2\/product"}],"about":[{"href":"https:\/\/bestprobiotics.eu\/de\/wp-json\/wp\/v2\/types\/product"}],"replies":[{"embeddable":true,"href":"https:\/\/bestprobiotics.eu\/de\/wp-json\/wp\/v2\/comments?post=877"}],"wp:featuredmedia":[{"embeddable":true,"href":"https:\/\/bestprobiotics.eu\/de\/wp-json\/wp\/v2\/media\/624"}],"wp:attachment":[{"href":"https:\/\/bestprobiotics.eu\/de\/wp-json\/wp\/v2\/media?parent=877"}],"wp:term":[{"taxonomy":"product_brand","embeddable":true,"href":"https:\/\/bestprobiotics.eu\/de\/wp-json\/wp\/v2\/product_brand?post=877"},{"taxonomy":"product_cat","embeddable":true,"href":"https:\/\/bestprobiotics.eu\/de\/wp-json\/wp\/v2\/product_cat?post=877"},{"taxonomy":"product_tag","embeddable":true,"href":"https:\/\/bestprobiotics.eu\/de\/wp-json\/wp\/v2\/product_tag?post=877"}],"curies":[{"name":"wp","href":"https:\/\/api.w.org\/{rel}","templated":true}]}}