{"id":996,"date":"2020-04-16T09:19:38","date_gmt":"2020-04-16T09:19:38","guid":{"rendered":"https:\/\/bestprobiotics.eu\/datenschutzerklaerung\/"},"modified":"2024-06-11T09:05:22","modified_gmt":"2024-06-11T09:05:22","slug":"datenschutzerklaerung","status":"publish","type":"page","link":"https:\/\/bestprobiotics.eu\/de\/datenschutzerklaerung\/","title":{"rendered":"Datenschutzerkl\u00e4rung"},"content":{"rendered":"\r\n<h1 class=\"wp-block-heading\">Datenschutzerkl\u00e4rung<\/h1>\r\n<h2>Wir werden Ihre pers\u00f6nlichen Daten niemals an Dritte verkaufen.<\/h2>\r\n<p>IT EASY (&#8222;uns&#8220;, &#8222;wir&#8220;, oder &#8222;unser&#8220;) betreibt die https:\/\/bestprobiotics.eu Website (der &#8222;Service&#8220;).<\/p>\r\n<p>Diese Seite informiert Sie \u00fcber unsere Richtlinien in Bezug auf die Erhebung, Verwendung und Offenlegung personenbezogener Daten, wenn Sie unseren Service nutzen, und die M\u00f6glichkeiten, die Sie mit diesen Daten in Verbindung gebracht haben.<\/p>\r\n<p>Wir verwenden Ihre Daten zur Bereitstellung und Verbesserung des Dienstes. Durch die Nutzung des Dienstes stimmen Sie der Erfassung und Verwendung von Informationen in \u00dcbereinstimmung mit dieser Richtlinie zu. Sofern in dieser Datenschutzrichtlinie nicht anders definiert, haben die in dieser Datenschutzrichtlinie verwendeten Begriffe die gleiche Bedeutung wie in unseren Allgemeinen Gesch\u00e4ftsbedingungen, die von https:\/\/bestprobiotics.eu zug\u00e4nglich sind.<\/p>\r\n<h2>Definitionen<\/h2>\r\n<h3>personenbezogenen Daten<\/h3>\r\n<p>Personenbezogene Daten sind Daten \u00fcber eine lebende Person, die anhand dieser Daten identifiziert werden k\u00f6nnen (oder anhand dieser und anderer Informationen, die sich entweder in unserem Besitz befinden oder wahrscheinlich in unseren Besitz gelangen).<\/p>\r\n<h3>Nutzungsdaten<\/h3>\r\n<p>Nutzungsdaten sind Daten, die automatisch entweder durch die Nutzung des Dienstes oder von der Serviceinfrastruktur selbst (z. B. die Dauer eines Seitenbesuchs) generiert werden.<\/p>\r\n<h3>Cookies<\/h3>\r\n<p>Cookies sind kleine Daten, die auf dem Ger\u00e4t des Benutzers gespeichert werden.<\/p>\r\n<h3>Verantwortlicher<\/h3>\r\n<p>Datenverantwortlicher bezeichnet eine Person, die (entweder allein oder gemeinsam oder gemeinsam mit anderen Personen) die Zwecke bestimmt, f\u00fcr die und die Art und Weise, in der personenbezogene Daten verarbeitet werden, oder werden sollen.<\/p>\r\n<p>Im Sinne dieser Datenschutzerkl\u00e4rung sind wir ein Datenverantwortlicher f\u00fcr Ihre Daten.<\/p>\r\n<h3>Data Processor (or Service Providers)<\/h3>\r\n<p>Datenverarbeiter (oder Dienstleister) bezeichnet jede Person (au\u00dfer einem Mitarbeiter des Datenverantwortlichen), die die Daten im Auftrag des Datenverantwortlichen verarbeitet.<\/p>\r\n<p>Wir k\u00f6nnen die Dienste verschiedener Dienstleister nutzen, um Ihre Daten effektiver zu verarbeiten.<\/p>\r\n<h3>Data Subject<\/h3>\r\n<p>Datensubjekt ist jede lebende Person, die Gegenstand der personenbezogenen Daten ist.<\/p>\r\n<h3>Benutzer<\/h3>\r\n<p>Der Nutzer ist die Person, die unseren Service nutzt. Der Nutzer entspricht der betroffenen Person, die Gegenstand der personenbezogenen Daten ist.<\/p>\r\n<h2>Sammlung und Nutzung von Informationen<\/h2>\r\n<p>Wir sammeln verschiedene Arten von Informationen f\u00fcr verschiedene Zwecke, um unseren Service f\u00fcr Sie bereitzustellen und zu verbessern.<\/p>\r\n<h3>Arten der erhobenen Daten<\/h3>\r\n<h4>personenbezogenen Daten<\/h4>\r\n<p>W\u00e4hrend der Nutzung unseres Dienstes k\u00f6nnen wir Sie bitten, uns bestimmte personenbezogene Daten zur Verf\u00fcgung zu stellen, die verwendet werden k\u00f6nnen, um Sie zu kontaktieren oder zu identifizieren (&#8222;Personenbezogene Daten&#8220;). Zu den personenbezogenen Daten k\u00f6nnen unter anderem geh\u00f6ren:<\/p>\r\n<ul>\r\n<li>E-Mail-Adresse<\/li>\r\n<li>Vor- und Nachname<\/li>\r\n<li>Telefonnummer<\/li>\r\n<li>Adresse, Land, Provinz, PLZ\/PLZ, Stadt<\/li>\r\n<li>Cookies und Nutzungsdaten<\/li>\r\n<\/ul>\r\n<p>Wir k\u00f6nnen Ihre personenbezogenen Daten verwenden, um Sie mit Newslettern, Marketing- oder Werbematerialien und anderen f\u00fcr Sie interessanten Informationen zu kontaktieren. Sie k\u00f6nnen den Erhalt jeglicher oder aller dieser Mitteilungen von uns ablehnen, indem Sie dem Abmeldelink oder den Anweisungen in jeder von uns gesendeten E-Mail folgen.<\/p>\r\n<h4>Nutzungsdaten<\/h4>\r\n<p>Wir k\u00f6nnen auch Informationen dar\u00fcber sammeln, wie auf den Dienst zugegriffen und verwendet wird (&#8222;Nutzungsdaten&#8220;). Diese Nutzungsdaten k\u00f6nnen Informationen wie die Internetprotokolladresse Ihres Computers (z. B. IP-Adresse), Browsertyp, Browserversion, die Seiten unseres Dienstes, die Sie besuchen, die Zeit und das Datum Ihres Besuchs, die Zeit, die Sie auf diesen Seiten verbracht haben, enthalten eindeutige Ger\u00e4tekennungen und andere Diagnosedaten.<\/p>\r\n<h4>Tracking &amp; Cookies Daten<\/h4>\r\n<p>Wir verwenden Cookies und \u00e4hnliche Tracking-Technologien, um die Aktivit\u00e4t auf unserem Service zu verfolgen und bestimmte Informationen zu speichern.<\/p>\r\n<p>Cookies sind Dateien mit geringer Datenmenge, die eine anonyme eindeutige Kennung enthalten k\u00f6nnen. Cookies werden von einer Website an Ihren Browser gesendet und auf Ihrem Ger\u00e4t gespeichert. Tracking-Technologien, die ebenfalls verwendet werden, sind Beacons, Tags und Skripte, um Informationen zu sammeln und zu verfolgen und unseren Service zu verbessern und zu analysieren.<\/p>\r\n<p>Sie k\u00f6nnen Ihren Browser anweisen, alle Cookies abzulehnen oder anzugeben, wann ein Cookie gesendet wird. Wenn Sie jedoch keine Cookies akzeptieren, k\u00f6nnen Sie m\u00f6glicherweise einige Teile unseres Dienstes nicht nutzen.<\/p>\r\n<p>Beispiele f\u00fcr von uns verwendete Cookies:<\/p>\r\n<ul>\r\n<li>Sitzungscookies. Wir verwenden Sitzungscookies, um unseren Service zu betreiben.<\/li>\r\n<li>Pr\u00e4ferenz-Cookies. Wir verwenden Pr\u00e4ferenz-Cookies, um Ihre Pr\u00e4ferenzen und verschiedene Einstellungen zu speichern.<\/li>\r\n<li>Sicherheitscookies. Wir verwenden Sicherheitscookies zu Sicherheitszwecken.<\/li>\r\n<\/ul>\r\n<h2>Nutzung von Daten<\/h2>\r\n<p>IT EASY nutzt die erhobenen Daten f\u00fcr verschiedene Zwecke:<\/p>\r\n<ul>\r\n<li>Zur Bereitstellung und Wartung unseres Dienstes<\/li>\r\n<li>Um Sie \u00fcber \u00c4nderungen an unserem Service zu informieren<\/li>\r\n<li>Um Ihnen die Teilnahme an interaktiven Funktionen unseres Dienstes zu erm\u00f6glichen, wenn Sie dies w\u00fcnschen<\/li>\r\n<li>Zur Bereitstellung von Kundensupport<\/li>\r\n<li>Um Analysen oder wertvolle Informationen zu sammeln, damit wir unseren Service verbessern k\u00f6nnen<\/li>\r\n<li>Um die Nutzung unseres Dienstes zu \u00fcberwachen<\/li>\r\n<li>Um technische Probleme zu erkennen, zu verhindern und zu beheben<\/li>\r\n<li>um Ihnen Neuigkeiten, Sonderangebote und allgemeine Informationen \u00fcber andere Waren, Dienstleistungen und<\/li>\r\n<li>Veranstaltungen zur Verf\u00fcgung zu stellen, die wir anbieten, die denen \u00e4hneln, die Sie bereits gekauft oder angefragt<\/li>\r\n<li>haben, es sei denn, Sie haben sich entschieden, keine solchen Informationen zu erhalten<\/li>\r\n<\/ul>\r\n<h2>Vorratsspeicherung von Daten<\/h2>\r\n<p>IT EASY bewahrt Ihre personenbezogenen Daten nur so lange auf, wie dies f\u00fcr die in dieser Datenschutzrichtlinie genannten Zwecke erforderlich ist. Wir werden Ihre personenbezogenen Daten in dem Umfang aufbewahren und verwenden, der erforderlich ist, um unseren gesetzlichen Verpflichtungen nachzukommen (z. B. wenn wir verpflichtet sind, Ihre Daten aufzubewahren, um geltende Gesetze einzuhalten), Streitigkeiten beizulegen und unsere rechtlichen Vereinbarungen und Richtlinien durchzusetzen.<\/p>\r\n<p>IT EASY speichert Nutzungsdaten auch f\u00fcr interne Analysezwecke. Nutzungsdaten werden in der Regel f\u00fcr einen k\u00fcrzeren Zeitraum aufbewahrt, au\u00dfer wenn diese Daten zur St\u00e4rkung der Sicherheit oder zur Verbesserung der Funktionalit\u00e4t unseres Dienstes verwendet werden oder wir gesetzlich verpflichtet sind, diese Daten f\u00fcr l\u00e4ngere Zeitr\u00e4ume aufzubewahren.<\/p>\r\n<h2>\u00dcbertragung von Daten<\/h2>\r\n<p>Ihre Informationen, einschlie\u00dflich personenbezogener Daten, k\u00f6nnen an &#8211; und auf &#8211; Computern au\u00dferhalb Ihres Staates, Ihrer Provinz, Ihres Landes oder einer anderen staatlichen Gerichtsbarkeit \u00fcbertragen werden, wo die Datenschutzgesetze von denen Ihrer Gerichtsbarkeit abweichen k\u00f6nnen.<\/p>\r\n<p>Ihre Zustimmung zu dieser Datenschutzrichtlinie, gefolgt von Ihrer \u00dcbermittlung solcher Informationen, stellt Ihre Zustimmung zu dieser \u00dcbertragung dar.<\/p>\r\n<p>IT EASY wird alle vern\u00fcnftigerweise notwendigen Schritte unternehmen, um sicherzustellen, dass Ihre Daten sicher und in \u00dcbereinstimmung mit dieser Datenschutzrichtlinie behandelt werden, und es findet keine \u00dcbertragung Ihrer personenbezogenen Daten an eine Organisation oder ein Land statt, es sei denn, es gibt angemessene Kontrollen, einschlie\u00dflich Sicherheit Ihrer Daten und anderer pers\u00f6nlicher Informationen.<\/p>\r\n<h2>Weitergabe von Daten<\/h2>\r\n<h3>Gesch\u00e4ftsvorgang<\/h3>\r\n<p>Wenn IT EASY an einer Fusion, einem Erwerb oder einem Verkauf von Verm\u00f6genswerten beteiligt ist, k\u00f6nnen Ihre personenbezogenen Daten \u00fcbertragen werden. Wir werden Sie informieren, bevor Ihre personenbezogenen Daten \u00fcbertragen werden und einer anderen Datenschutzrichtlinie unterliegen.<\/p>\r\n<h3>Offenlegung f\u00fcr die Strafverfolgung<\/h3>\r\n<p>Unter bestimmten Umst\u00e4nden kann IT EASY verpflichtet sein, Ihre personenbezogenen Daten offenzulegen, wenn dies gesetzlich vorgeschrieben ist oder auf berechtigte Anfragen von Beh\u00f6rden (z. B. einem Gericht oder einer Regierungsbeh\u00f6rde) reagiert wird.<\/p>\r\n<h3>gesetzlichen Anforderungen<\/h3>\r\n<p>IT EASY kann Ihre personenbezogenen Daten im guten Glauben offenlegen, dass eine solche Ma\u00dfnahme erforderlich ist, um:<\/p>\r\n<ul>\r\n<li>Zur Erf\u00fcllung einer gesetzlichen Verpflichtung<\/li>\r\n<li>Schutz und Verteidigung der Rechte oder des Eigentums von IT EASY<\/li>\r\n<li>Um m\u00f6gliche Fehlverhalten im Zusammenhang mit dem Service zu verhindern oder zu untersuchen<\/li>\r\n<li>Zum Schutz der pers\u00f6nlichen Sicherheit der Nutzer des Dienstes oder der \u00d6ffentlichkeit<\/li>\r\n<li>Zum Schutz vor rechtlicher Haftung<\/li>\r\n<\/ul>\r\n<h2>Sicherheit der Daten<\/h2>\r\n<p>Die Sicherheit Ihrer Daten ist uns wichtig, aber denken Sie daran, dass keine Methode der \u00dcbertragung \u00fcber das Internet oder die Methode der elektronischen Speicherung 100% sicher ist. Obwohl wir uns bem\u00fchen, kommerziell akzeptable Mittel zum Schutz Ihrer personenbezogenen Daten zu verwenden, k\u00f6nnen wir deren absolute Sicherheit nicht garantieren.<\/p>\r\n<h2>Ihre Rechte<\/h2>\r\n<p>IT EASY ist bestrebt, angemessene Schritte zu unternehmen, damit Sie die Verwendung Ihrer personenbezogenen Daten korrigieren, \u00e4ndern, l\u00f6schen oder einschr\u00e4nken k\u00f6nnen.<\/p>\r\n<p>Wann immer dies m\u00f6glich ist, k\u00f6nnen Sie Ihre personenbezogenen Daten direkt in Ihren Kontoeinstellungen aktualisieren. Wenn Sie Ihre personenbezogenen Daten nicht \u00e4ndern k\u00f6nnen, kontaktieren Sie uns bitte, um die erforderlichen \u00c4nderungen vorzunehmen.<\/p>\r\n<p>Wenn Sie dar\u00fcber informiert werden m\u00f6chten, welche personenbezogenen Daten wir \u00fcber Sie gespeichert haben und wenn Sie m\u00f6chten, dass diese aus unseren Systemen entfernt werden, kontaktieren Sie uns bitte.<\/p>\r\n<p>Unter bestimmten Umst\u00e4nden haben Sie das Recht:<\/p>\r\n<ul>\r\n<li>Zugriff auf und Erhalt einer Kopie der von uns \u00fcber Sie gespeicherten personenbezogenen Daten<\/li>\r\n<li>Zur Berichtigung unrichtiger personenbezogener Daten \u00fcber Sie<\/li>\r\n<li>Um die L\u00f6schung der \u00fcber Sie gespeicherten personenbezogenen Daten zu beantragen<\/li>\r\n<\/ul>\r\n<p>Sie haben das Recht auf Daten\u00fcbertragbarkeit f\u00fcr die Informationen, die Sie IT EASY zur Verf\u00fcgung stellen. Sie k\u00f6nnen eine Kopie Ihrer personenbezogenen Daten in einem h\u00e4ufig verwendeten elektronischen Format anfordern, damit Sie sie verwalten und verschieben k\u00f6nnen.<\/p>\r\n<p>Bitte beachten Sie, dass wir Sie bitten k\u00f6nnen, Ihre Identit\u00e4t zu \u00fcberpr\u00fcfen, bevor wir auf solche Anfragen reagieren.<\/p>\r\n<h2>Service Provider<\/h2>\r\n<p>Wir k\u00f6nnen Drittunternehmen und Einzelpersonen beauftragen, um unseren Service zu erleichtern (&#8222;Dienstleister&#8220;), den Service in unserem Namen bereitzustellen, servicebezogene Dienstleistungen durchzuf\u00fchren oder uns bei der Analyse der Nutzung unseres Service zu unterst\u00fctzen.<\/p>\r\n<p>Diese Dritten haben nur Zugriff auf Ihre personenbezogenen Daten, um diese Aufgaben in unserem Namen zu erf\u00fcllen, und sind verpflichtet, sie nicht f\u00fcr andere Zwecke offenzulegen oder zu verwenden.<\/p>\r\n<h3>sozialen Netzwerken<\/h3>\r\n<p>Sie k\u00f6nnen sich direkt auf unserer Website oder \u00fcber ein soziales Netzwerk f\u00fcr ein Konto registrieren. Wenn Sie sich bei einem sozialen Netzwerkdienst registrieren (oder Ihr Konto sp\u00e4ter mit einem verkn\u00fcpfen), erfassen wir bestimmte Informationen \u00fcber Sie von diesem sozialen Netzwerkdienst, und was wir sammeln, h\u00e4ngt von Ihren Datenschutzeinstellungen bei diesem sozialen Netzwerkdienst ab. Der Dienst kann Ihnen auch erlauben, Inhalte mit sozialen Netzwerkdiensten zu &#8222;liken&#8220; oder zu teilen. Sie k\u00f6nnen sich direkt \u00fcber den Service registrieren, um dem Service beizutreten, oder indem Sie sich \u00fcber unseren Service bei Ihrem Konto bei einem sozialen Netzwerkdienst eines Drittanbieters (&#8222;SNS&#8220;) anmelden (z. B. Facebook, Google und andere Dienste Dritter, mit denen Sie sich mit Ihren vorhandenen Anmeldeinformationen bei diesen Diensten anmelden k\u00f6nnen). Wenn Sie sich \u00fcber ein SNS registrieren oder Ihr Konto sp\u00e4ter mit dem Service mit Ihrem Konto mit einem SNS verkn\u00fcpfen m\u00f6chten, verwenden wir die personenbezogenen Daten, die Sie dem SNS zur Verf\u00fcgung gestellt haben (wie Ihren Namen, Ihre E-Mail-Adresse und m\u00f6glicherweise andere Informationen, die Sie \u00fcber das SNS \u00f6ffentlich zug\u00e4nglich machen), um Ihr Konto zu erstellen. Beachten Sie, dass die Informationen, die wir von und \u00fcber ein SNS erfassen, von den Datenschutzeinstellungen abh\u00e4ngen k\u00f6nnen, die Sie mit dem SNS festgelegt haben, und von den Berechtigungen, die Sie uns im Zusammenhang mit der Verkn\u00fcpfung Ihres Kontos mit dem Dienst mit Ihrem Konto mit einem SNS gew\u00e4hren. Abgesehen von dem, was wir mit dem SNS teilen k\u00f6nnen, wie unten beschrieben, werden die pers\u00f6nlichen Informationen, die ein SNS \u00fcber Sie hat, von dem SNS unabh\u00e4ngig von unserem Service erhalten, und wir sind nicht daf\u00fcr verantwortlich.<\/p>\r\n<p>Der Dienst kann auch zus\u00e4tzliche Interaktionen zwischen ihm und einer Website, einem Dienst oder einem anderen Inhaltsanbieter von Drittanbietern erm\u00f6glichen, z. B. die M\u00f6glichkeit, Inhalte zu &#8222;liken&#8220; oder an ein SNS von Drittanbietern weiterzugeben. Wenn Sie sich daf\u00fcr entscheiden, Inhalte zu &#8222;liken&#8220; oder zu teilen oder auf andere Weise Informationen von oder \u00fcber unseren Dienst mit einer Website oder einem Dienst Dritter zu teilen, k\u00f6nnen diese Informationen \u00f6ffentlich angezeigt werden, und der Dritte kann Zugriff auf Informationen \u00fcber Sie und Ihre Nutzung unseres Dienstes haben (und wir haben m\u00f6glicherweise Zugang zu Informationen \u00fcber Sie von diesem Dritten). Diese Funktionen k\u00f6nnen Ihre IP-Adresse und die Seite, die Sie auf unserer Website besuchen, erfassen und ein Cookie setzen, damit die Funktion ordnungsgem\u00e4\u00df funktioniert. Ihre Interaktionen mit Dritten \u00fcber ein SNS oder \u00e4hnliche Funktionen unterliegen den jeweiligen Datenschutzrichtlinien dieser Dritten. Sie erkl\u00e4ren, dass Sie berechtigt sind, Ihr SNS-Konto f\u00fcr die hier beschriebenen Zwecke zu verwenden, ohne dass Sie gegen eine der Bedingungen versto\u00dfen, die f\u00fcr das SNS gelten, und ohne die USA zur Zahlung von Geb\u00fchren zu verpflichten oder ProBion Nutzungsbeschr\u00e4nkungen zu unterwerfen, die von solchen SNS auferlegt werden. Sie k\u00f6nnen die Verbindung zwischen Ihrem Dienstkonto und Ihrem SNS-Konto jederzeit \u00fcber den Abschnitt &#8222;Einstellungen&#8220; unseres Dienstes deaktivieren. Bitte beachten Sie, dass Ihre Beziehung zu einem SNS ausschlie\u00dflich durch Ihre Vereinbarung(en) mit einem solchen SNS geregelt wird. Wenn Ihr SNS-Konto beendet wird, werden auch die Funktionen, die durch die Verbindung zwischen Ihrem bestprobiotics.eu-Konto und Ihrem SNS-Konto aktiviert wurden, beendet.<\/p>\r\n<h3>Analytics<\/h3>\r\n<p>Wir k\u00f6nnen Drittanbieter verwenden, um die Nutzung unseres Dienstes zu \u00fcberwachen und zu analysieren.<\/p>\r\n<ul>\r\n<li>Google Analytics<\/li>\r\n<\/ul>\r\n<p>Google Analytics ist ein von Google angebotener Webanalysedienst, der den Website-Traffic verfolgt und meldet. Google verwendet die gesammelten Daten, um die Nutzung unseres Dienstes zu verfolgen und zu \u00fcberwachen. Diese Daten werden mit anderen Google-Diensten geteilt. Google kann die gesammelten Daten verwenden, um die Anzeigen seines eigenen Werbenetzwerks zu kontextualisieren und zu personalisieren. Sie k\u00f6nnen sich gegen die Bereitstellung Ihrer Aktivit\u00e4ten auf dem Dienst f\u00fcr Google Analytics entscheiden, indem Sie das Google Analytics Opt-out-Browser-Add-on installieren. Das Add-on verhindert, dass Google Analytics JavaScript (ga.js, analytics.js und dc.js) Informationen \u00fcber Besucheraktivit\u00e4ten mit Google Analytics teilt. Weitere Informationen zu den Datenschutzpraktiken von Google finden Sie auf der Google Privacy &amp; Terms-Webseite: <a href=\"https:\/\/www.google.com\/intl\/en\/policies\/privacy\/\">http:\/\/www.google.com\/intl\/en\/policies\/privacy\/<\/a><\/p>\r\n<h3>Zahlungen<\/h3>\r\n<p>Wir k\u00f6nnen kostenpflichtige Produkte und\/oder Dienstleistungen innerhalb des Dienstes bereitstellen. In diesem Fall nutzen wir zur Zahlungsabwicklung Dienste Dritter (z.B. Zahlungsabwickler).<\/p>\r\n<p>Wir werden Ihre Zahlungskartendaten nicht speichern oder erfassen. Diese Informationen werden direkt an unsere externen Zahlungsabwickler weitergegeben, deren Verwendung Ihrer personenbezogenen Daten durch deren Datenschutzrichtlinie geregelt wird. Diese Zahlungsabwickler halten sich an die von PCI-DSS festgelegten Standards, die vom PCI Security Standards Council verwaltet werden, einer gemeinsamen Anstrengung von Marken wie Visa, Mastercard, American Express und Discover. PCI-DSS-Anforderungen tragen dazu bei, den sicheren Umgang mit Zahlungsinformationen zu gew\u00e4hrleisten.<\/p>\r\n<p>Die Zahlungsabwickler, mit denen wir zusammenarbeiten, sind:<\/p>\r\n<ul>\r\n<li>\r\n<p><strong>Stripe<\/strong><\/p>\r\n<p>Ihre Datenschutzerkl\u00e4rung kann eingesehen werden unter.\u00a0 <a href=\"https:\/\/stripe.com\/us\/privacy\">https:\/\/stripe.com\/us\/privacy<\/a><\/p>\r\n<\/li>\r\n<li>\r\n<p><strong>PayPal or Braintree<\/strong><\/p>\r\n<p>Ihre Datenschutzerkl\u00e4rung kann eingesehen werden unter.\u00a0 \u00a0<a href=\"https:\/\/www.paypal.com\/webapps\/mpp\/ua\/privacy-full\">https:\/\/www.paypal.com\/webapps\/mpp\/ua\/privacy-full<\/a><\/p>\r\n<\/li>\r\n<\/ul>\r\n<h2>Links zu anderen Websites<\/h2>\r\n<p>Unser Service kann Links zu anderen Websites enthalten, die nicht von uns betrieben werden. Wenn Sie auf einen Link eines Drittanbieters klicken, werden Sie auf die Website dieses Drittanbieters weitergeleitet. Wir empfehlen Ihnen dringend, die Datenschutzrichtlinie jeder Website, die Sie besuchen, zu lesen.<\/p>\r\n<p>Wir haben keine Kontrolle \u00fcber und \u00fcbernehmen keine Verantwortung f\u00fcr die Inhalte, Datenschutzrichtlinien oder Praktiken von Websites oder Diensten Dritter.<\/p>\r\n<h2>Privatsph\u00e4re von Kindern<\/h2>\r\n<p>Unser Service richtet sich nicht an Personen unter 13 Jahren (&#8222;Kinder&#8220;).<\/p>\r\n<p>Wir sammeln wissentlich keine personenbezogenen Daten von Personen unter 13 Jahren. Wenn Sie ein Elternteil oder Erziehungsberechtigter sind und wissen, dass Ihre Kinder uns personenbezogene Daten zur Verf\u00fcgung gestellt haben, kontaktieren Sie uns bitte. Wenn wir feststellen, dass wir personenbezogene Daten von Kindern ohne \u00dcberpr\u00fcfung der elterlichen Zustimmung gesammelt haben, ergreifen wir Ma\u00dfnahmen, um diese Informationen von unseren Servern zu entfernen.<\/p>\r\n<h2>\u00c4nderungen an dieser Datenschutzerkl\u00e4rung,<\/h2>\r\n<p>Wir k\u00f6nnen unsere Datenschutzrichtlinie von Zeit zu Zeit aktualisieren. Wir werden Sie \u00fcber \u00c4nderungen informieren, indem wir die neue Datenschutzrichtlinie auf dieser Seite ver\u00f6ffentlichen.<\/p>\r\n<p>Wir werden Sie vor Inkrafttreten der \u00c4nderung per E-Mail und\/oder einem prominenten Hinweis auf unseren Service informieren und das &#8222;G\u00fcltigkeitsdatum&#8220; oben in dieser Datenschutzrichtlinie aktualisieren.<\/p>\r\n<p>Wir empfehlen Ihnen, diese Datenschutzrichtlinie regelm\u00e4\u00dfig auf \u00c4nderungen zu \u00fcberpr\u00fcfen. \u00c4nderungen dieser Datenschutzerkl\u00e4rung werden wirksam, wenn sie auf dieser Seite ver\u00f6ffentlicht werden.<\/p>\r\n<h2>kontaktiere uns<\/h2>\r\n<p>Bei Fragen zu dieser Datenschutzerkl\u00e4rung wenden Sie sich bitte an uns:<\/p>\r\n<p>Per E-Mail: contact@bestprobiotics.eu<\/p>\r\n","protected":false},"excerpt":{"rendered":"<p>Datenschutzerkl\u00e4rung Wir werden Ihre pers\u00f6nlichen Daten niemals an Dritte verkaufen. IT EASY (&#8222;uns&#8220;, &#8222;wir&#8220;, oder &#8222;unser&#8220;) betreibt die https:\/\/bestprobiotics.eu Website (der &#8222;Service&#8220;). Diese Seite informiert Sie \u00fcber unsere Richtlinien in Bezug auf die Erhebung, Verwendung und Offenlegung personenbezogener Daten, wenn Sie unseren Service nutzen, und die M\u00f6glichkeiten, die Sie mit diesen Daten in Verbindung gebracht haben. Wir verwenden Ihre Daten zur Bereitstellung und Verbesserung des Dienstes. Durch die Nutzung des Dienstes stimmen Sie der Erfassung und Verwendung von Informationen in \u00dcbereinstimmung mit dieser Richtlinie zu. Sofern in dieser Datenschutzrichtlinie nicht anders definiert, haben die in dieser Datenschutzrichtlinie verwendeten Begriffe die gleiche Bedeutung wie in unseren Allgemeinen Gesch\u00e4ftsbedingungen, die von https:\/\/bestprobiotics.eu zug\u00e4nglich sind. Definitionen personenbezogenen Daten Personenbezogene Daten sind Daten \u00fcber eine lebende Person, die anhand dieser Daten identifiziert werden k\u00f6nnen (oder anhand dieser und anderer Informationen, die sich entweder in unserem Besitz befinden oder wahrscheinlich in unseren Besitz gelangen). Nutzungsdaten Nutzungsdaten sind Daten, die automatisch entweder durch die Nutzung des Dienstes oder von der Serviceinfrastruktur selbst (z. B. die Dauer eines Seitenbesuchs) generiert werden. Cookies Cookies sind kleine Daten, die auf dem Ger\u00e4t des Benutzers gespeichert werden. Verantwortlicher Datenverantwortlicher bezeichnet eine Person, die (entweder allein oder gemeinsam oder gemeinsam mit anderen Personen) die Zwecke bestimmt, f\u00fcr die und die Art und Weise, in der personenbezogene Daten verarbeitet werden, oder werden sollen. Im Sinne dieser Datenschutzerkl\u00e4rung sind wir ein Datenverantwortlicher f\u00fcr Ihre Daten. Data Processor (or Service Providers) Datenverarbeiter (oder Dienstleister) bezeichnet jede Person (au\u00dfer einem Mitarbeiter des Datenverantwortlichen), die die Daten im Auftrag des Datenverantwortlichen verarbeitet. Wir k\u00f6nnen die Dienste<span class=\"excerpt-hellip\"> [\u2026]<\/span><\/p>\n","protected":false},"author":1,"featured_media":0,"parent":0,"menu_order":0,"comment_status":"closed","ping_status":"open","template":"","meta":{"footnotes":""},"class_list":["post-996","page","type-page","status-publish","hentry"],"_links":{"self":[{"href":"https:\/\/bestprobiotics.eu\/de\/wp-json\/wp\/v2\/pages\/996","targetHints":{"allow":["GET"]}}],"collection":[{"href":"https:\/\/bestprobiotics.eu\/de\/wp-json\/wp\/v2\/pages"}],"about":[{"href":"https:\/\/bestprobiotics.eu\/de\/wp-json\/wp\/v2\/types\/page"}],"author":[{"embeddable":true,"href":"https:\/\/bestprobiotics.eu\/de\/wp-json\/wp\/v2\/users\/1"}],"replies":[{"embeddable":true,"href":"https:\/\/bestprobiotics.eu\/de\/wp-json\/wp\/v2\/comments?post=996"}],"version-history":[{"count":6,"href":"https:\/\/bestprobiotics.eu\/de\/wp-json\/wp\/v2\/pages\/996\/revisions"}],"predecessor-version":[{"id":1005,"href":"https:\/\/bestprobiotics.eu\/de\/wp-json\/wp\/v2\/pages\/996\/revisions\/1005"}],"wp:attachment":[{"href":"https:\/\/bestprobiotics.eu\/de\/wp-json\/wp\/v2\/media?parent=996"}],"curies":[{"name":"wp","href":"https:\/\/api.w.org\/{rel}","templated":true}]}}