{"id":967,"date":"2022-09-04T17:38:11","date_gmt":"2022-09-04T17:38:11","guid":{"rendered":"https:\/\/bestprobiotics.eu\/?page_id=967"},"modified":"2024-06-21T12:52:55","modified_gmt":"2024-06-21T12:52:55","slug":"allgemeine-geschaeftsbedingungen","status":"publish","type":"page","link":"https:\/\/bestprobiotics.eu\/de\/allgemeine-geschaeftsbedingungen\/","title":{"rendered":"Allgemeine Gesch\u00e4ftsbedingungen"},"content":{"rendered":"<h1 class=\"western\">Allgemeine Gesch\u00e4ftsbedingungen<\/h1>\n<p>Bitte lesen Sie diese Allgemeinen Gesch\u00e4ftsbedingungen (&#8222;AGB&#8220;, &#8222;AGB&#8220;) sorgf\u00e4ltig durch, bevor Sie die https:\/\/bestprobiotics.eu\/ Website (der &#8222;Service&#8220;) nutzen, die von IT EASY (&#8222;uns&#8220;, &#8222;wir&#8220; oder &#8222;unser&#8220;) betrieben wird.<\/p>\n<p>Ihr Zugang zu und Ihre Nutzung des Dienstes ist von Ihrer Annahme und Einhaltung dieser Bedingungen abh\u00e4ngig. Diese Bedingungen gelten f\u00fcr alle Besucher, Benutzer und andere, die auf den Service zugreifen oder ihn nutzen.<\/p>\n<p>Durch den Zugriff auf oder die Nutzung des Dienstes erkl\u00e4ren Sie sich mit diesen Bedingungen einverstanden. Wenn Sie mit irgendeinem Teil der Bedingungen nicht einverstanden sind, d\u00fcrfen Sie nicht auf den Service zugreifen.<\/p>\n<h2 class=\"western\">Eink\u00e4ufe<\/h2>\n<p>Sie werden ermutigt, sich mit Ihren Rechten vertraut zu machen, die im Sale of Goods Act 1979, Unfair Contract Terms Act 1977 und den Unfair Terms in Consumer Contracts Regulations 1999 enthalten sind.<\/p>\n<p>Wenn Sie ein Produkt oder eine Dienstleistung erwerben m\u00f6chten, die \u00fcber den Service zur Verf\u00fcgung gestellt werden (&#8222;Kauf&#8220;), werden Sie m\u00f6glicherweise aufgefordert, bestimmte Informationen, die f\u00fcr Ihren Kauf relevant sind, anzugeben, einschlie\u00dflich, ohne Einschr\u00e4nkung, Ihre Kreditkartennummer, das Ablaufdatum Ihrer Kreditkarte, Ihre Rechnungsadresse und Ihre Versandinformationen.<\/p>\n<p>Sie erkl\u00e4ren und gew\u00e4hrleisten: (i) Sie haben das gesetzliche Recht, jede Kreditkarte(n) oder andere Zahlungsmethode(n) in Verbindung mit einem Kauf zu verwenden; und dass (ii) die Informationen, die Sie uns zur Verf\u00fcgung stellen, sind wahr, richtig und vollst\u00e4ndig. Sie stimmen ausdr\u00fccklich zu, dass IT EASY nicht f\u00fcr Verluste oder Sch\u00e4den verantwortlich ist, die sich aus der \u00dcbermittlung falscher oder ungenauer Informationen ergeben.<\/p>\n<p>Durch die \u00dcbermittlung dieser Informationen gew\u00e4hren Sie uns das Recht, die Informationen an Dritte weiterzugeben, um den Abschluss von K\u00e4ufen zu erleichtern.<\/p>\n<p>Wir behalten uns das Recht vor, Ihre Bestellung jederzeit aus bestimmten Gr\u00fcnden abzulehnen oder zu stornieren, einschlie\u00dflich, aber nicht beschr\u00e4nkt auf: Produkt- oder Serviceverf\u00fcgbarkeit, Fehler in der Beschreibung oder im Preis des Produkts oder der Dienstleistung, Fehler in Ihrer Bestellung oder andere Gr\u00fcnde. Sie stimmen ausdr\u00fccklich zu, dass IT EASY keine Haftung f\u00fcr Verluste oder Sch\u00e4den aus einer solchen Stornierung \u00fcbernehmen kann.<\/p>\n<p>Wir behalten uns das Recht vor, Ihre Bestellung abzulehnen oder zu stornieren, wenn ein Betrug oder eine unbefugte oder illegale Transaktion vermutet wird.<\/p>\n<h2 class=\"western\">Verf\u00fcgbarkeit, Fehler und Ungenauigkeiten<\/h2>\n<p>Wir aktualisieren st\u00e4ndig unser Angebot an Produkten und Dienstleistungen auf dem Service. Die auf unserem Service verf\u00fcgbaren Produkte oder Dienstleistungen k\u00f6nnen falsch bewertet, falsch beschrieben oder nicht verf\u00fcgbar sein, und es kann zu Verz\u00f6gerungen bei der Aktualisierung von Informationen \u00fcber den Service und in unserer Werbung auf anderen Websites kommen. Sie stimmen ausdr\u00fccklich zu, dass ein solches Angebot eines Produkts oder einer Dienstleistung kein rechtliches Angebot darstellt, das rechtliche Konsequenzen nach sich ziehen kann.<\/p>\n<p>Wir k\u00f6nnen und werden nicht die Richtigkeit oder Vollst\u00e4ndigkeit der Informationen, einschlie\u00dflich Preise, Produktbilder, Spezifikationen, Verf\u00fcgbarkeit und Dienstleistungen garantieren. Wir behalten uns das Recht vor, Informationen jederzeit ohne vorherige Ank\u00fcndigung zu \u00e4ndern oder zu aktualisieren und Fehler, Ungenauigkeiten oder Auslassungen zu korrigieren. Der Abschnitt &#8222;Verf\u00fcgbarkeit, Fehler und Ungenauigkeiten&#8220; l\u00e4sst bestehende gesetzliche Rechte unber\u00fchrt.<\/p>\n<h2 class=\"western\">Wettbewerbe, Gewinnspiele und Aktionen<\/h2>\n<p>Alle Wettbewerbe, Gewinnspiele oder andere Werbeaktionen (zusammen &#8222;Werbeaktionen&#8220;), die \u00fcber den Service zur Verf\u00fcgung gestellt werden, k\u00f6nnen durch Regeln geregelt werden, die von diesen Bedingungen getrennt sind. Wenn Sie an Werbeaktionen teilnehmen, lesen Sie bitte die geltenden Regeln sowie unsere Datenschutzrichtlinie. Wenn die Regeln f\u00fcr eine Werbeaktion im Widerspruch zu diesen Allgemeinen Gesch\u00e4ftsbedingungen stehen, gelten die Aktionsregeln. Die Bedingungen aller anderen &#8222;Promotions&#8220; sind unabh\u00e4ngig von dieser Vereinbarung.<\/p>\n<h2 class=\"western\">Konten<\/h2>\n<p>Wenn Sie ein Konto bei uns erstellen, m\u00fcssen Sie uns jederzeit genaue, vollst\u00e4ndige und aktuelle Informationen zur Verf\u00fcgung stellen. Die Nichtbeachtung stellt einen Versto\u00df gegen die Bedingungen dar, der zur sofortigen K\u00fcndigung Ihres Kontos auf unserem Dienst f\u00fchren kann.<\/p>\n<p>Sie sind f\u00fcr den Schutz des Passworts, das Sie f\u00fcr den Zugriff auf den Service verwenden, und f\u00fcr alle Aktivit\u00e4ten oder Aktionen unter Ihrem Passwort verantwortlich, unabh\u00e4ngig davon, ob Ihr Passwort mit unserem Service oder einem Drittanbieter-Service verbunden ist.<\/p>\n<p>Sie stimmen zu, Ihr Passwort nicht an Dritte weiterzugeben. Sie m\u00fcssen uns unverz\u00fcglich benachrichtigen, wenn Sie von einer Sicherheitsverletzung oder einer unbefugten Nutzung Ihres Kontos Kenntnis erlangen.<\/p>\n<p>Sie d\u00fcrfen den Namen einer anderen nat\u00fcrlichen oder juristischen Person nicht als Benutzernamen verwenden oder einen Namen oder eine Marke, die ohne entsprechende Genehmigung Rechten einer anderen nat\u00fcrlichen oder juristischen Person unterliegt, oder einen Namen, der anderweitig anst\u00f6\u00dfig ist, vulg\u00e4r oder obsz\u00f6n. Sie stimmen ausdr\u00fccklich zu, dass wir nicht f\u00fcr Verluste oder Sch\u00e4den haftbar gemacht werden k\u00f6nnen, die sich aus falschen Angaben ergeben, die Sie diesbez\u00fcglich machen.<\/p>\n<h2 class=\"western\">Links zu anderen Websites und Websites<\/h2>\n<p>Unser Dienst kann Links zu Websites oder Diensten Dritter enthalten, die nicht Eigentum von IT EASY sind oder von IT EASY kontrolliert werden<\/p>\n<p>IT EASY hat keine Kontrolle \u00fcber die Inhalte, Datenschutzrichtlinien oder Praktiken von Websites oder Diensten Dritter und \u00fcbernimmt keine Verantwortung daf\u00fcr. Sie erkennen ferner an und stimmen zu, dass IT EASY weder direkt noch indirekt f\u00fcr Sch\u00e4den oder Verluste verantwortlich oder haftbar ist, die durch oder im Zusammenhang mit der Nutzung oder dem Vertrauen auf solche Inhalte verursacht wurden, Waren oder Dienstleistungen, die auf oder \u00fcber solche Websites oder Dienstleistungen verf\u00fcgbar sind.<\/p>\n<p>Wir empfehlen Ihnen dringend, die Gesch\u00e4ftsbedingungen und Datenschutzrichtlinien von Websites oder Diensten Dritter, die Sie besuchen, zu lesen.<\/p>\n<h2 class=\"western\">K\u00fcndigung<\/h2>\n<p>Wir k\u00f6nnen Ihr Konto sofort, ohne vorherige Ank\u00fcndigung oder Haftung, aus irgendeinem Grund, einschlie\u00dflich, aber nicht beschr\u00e4nkt auf, wenn Sie gegen die Bedingungen versto\u00dfen, k\u00fcndigen oder sperren.<\/p>\n<p>Nach der K\u00fcndigung erlischt Ihr Recht, den Service zu nutzen. Wenn Sie Ihr Konto k\u00fcndigen m\u00f6chten, k\u00f6nnen Sie die Nutzung des Dienstes einfach einstellen.<\/p>\n<p>Alle Bestimmungen der Bedingungen, die ihrer Natur nach die K\u00fcndigung \u00fcberdauern sollten, bleiben auch nach der K\u00fcndigung bestehen, einschlie\u00dflich, ohne Einschr\u00e4nkung, Eigentumsbestimmungen, Garantieausschl\u00fcsse, Freistellung und Haftungsbeschr\u00e4nkungen.<\/p>\n<h2 class=\"western\">Entsch\u00e4digung<\/h2>\n<p>Sie verpflichten sich, IT EASY und seine Lizenznehmer und Lizenzgeber sowie deren Mitarbeiter, Auftragnehmer, Vertreter, leitende Angestellte und Direktoren von und gegen alle Anspr\u00fcche, Sch\u00e4den, Verpflichtungen, Verluste, Verbindlichkeiten, Kosten oder Schulden und Ausgaben zu verteidigen, zu entsch\u00e4digen und schadlos zu halten (einschlie\u00dflich, aber nicht beschr\u00e4nkt auf die Anwaltskosten), die sich aus a) Ihre Nutzung und Ihr Zugriff auf den Service durch Sie oder eine andere Person, die Ihr Konto und Passwort verwendet, oder b) ein Versto\u00df gegen diese Bedingungen.<\/p>\n<h2 class=\"western\">Haftungsbeschr\u00e4nkung<\/h2>\n<p>In keinem Fall haftet IT EASY oder seine Direktoren, Mitarbeiter, Partner, Vertreter, Lieferanten oder verbundenen Unternehmen f\u00fcr indirekte, zuf\u00e4llige, spezielle, Folge- oder Strafsch\u00e4den, einschlie\u00dflich und ohne Einschr\u00e4nkung f\u00fcr entgangenen Gewinn, Daten, Nutzung, Goodwill oder andere immaterielle Verluste, resultierend aus (i) Ihren Zugang zu oder Ihre Nutzung oder Unf\u00e4higkeit, auf den Service zuzugreifen oder ihn zu nutzen; (ii) Verhalten oder Inhalte Dritter auf dem Service, (iii) alle vom Dienst erhaltenen Inhalte und (iv) unberechtigter Zugriff, Nutzung oder \u00c4nderung Ihrer \u00dcbertragungen oder Inhalte, ob aufgrund von Garantie, Vertrag, unerlaubter Handlung (einschlie\u00dflich Fahrl\u00e4ssigkeit) oder einer anderen Rechtstheorie, ob wir \u00fcber die M\u00f6glichkeit eines solchen Schadens informiert wurden oder nicht, und selbst wenn eine hierin dargestellte Abhilfe ihren wesentlichen Zweck verfehlt hat.<\/p>\n<h2 class=\"western\">Haftungsausschluss<\/h2>\n<p><a name=\"not-healthcare-advice\"><\/a>Die Nutzung des Dienstes erfolgt auf eigene Gefahr. Der Service wird auf einer &#8222;AS IS&#8220; und &#8222;AS AVAILABLE&#8220; Basis zur Verf\u00fcgung gestellt. Der Service wird ohne Garantien jeglicher Art, ob ausdr\u00fccklich oder stillschweigend, einschlie\u00dflich, aber nicht beschr\u00e4nkt auf, stillschweigende Garantien der Marktg\u00e4ngigkeit, Eignung f\u00fcr einen bestimmten Zweck, Nichtverletzung oder Leistungsverlauf zur Verf\u00fcgung gestellt.<\/p>\n<p>IT EASY garantiert nicht, dass seine Tochtergesellschaften, verbundenen Unternehmen und seine Lizenzgeber a) der Dienst ununterbrochen, sicher oder zu einem bestimmten Zeitpunkt oder Ort verf\u00fcgbar ist; b) Fehler oder M\u00e4ngel werden korrigiert; c) der Dienst frei von Viren oder anderen sch\u00e4dlichen Komponenten ist; oder d) die Ergebnisse der Nutzung des Dienstes werden Ihren Anforderungen entsprechen.<\/p>\n<h2 class=\"western\">Nicht Beratung im Gesundheitswesen<\/h2>\n<p>Dieser Web-Service dient nur zu Informationszwecken. Die Produkte und Angaben zu bestimmten Produkten auf oder \u00fcber diesen Service wurden von der United States Food and Drug Administration nicht bewertet und sind nicht zur Diagnose, Behandlung, Heilung oder Vorbeugung von Krankheiten zugelassen.<\/p>\n<p>Dieser Service dient nicht der Diagnose, Behandlung oder medizinischen Beratung. Produkte, Dienstleistungen, Informationen und andere Inhalte, die auf diesem Dienst bereitgestellt werden, einschlie\u00dflich Informationen, die direkt auf diesem Dienst oder durch Verkn\u00fcpfung mit Web-Diensten von Drittanbietern bereitgestellt werden, werden nur zu Informationszwecken bereitgestellt. Bitte konsultieren Sie einen Arzt oder andere medizinische Fachkraft in Bezug auf medizinische oder gesundheitsbezogene Diagnose- oder Behandlungsm\u00f6glichkeiten.<\/p>\n<p>Informationen, die \u00fcber diesen Dienst und die verkn\u00fcpften Webdienste bereitgestellt werden, einschlie\u00dflich Informationen zu medizinischen und gesundheitlichen Bedingungen, Behandlungen und Produkten, k\u00f6nnen in zusammengefasster Form bereitgestellt werden. Informationen zu diesem Service, einschlie\u00dflich Produktetiketten oder Verpackungen, sollten nicht als Ersatz f\u00fcr die Beratung durch einen Arzt betrachtet werden. Dieser Dienst empfiehlt keine Selbstverwaltung von Gesundheitsproblemen. Die Informationen zu diesem Service sind nicht umfassend und decken nicht alle Krankheiten, Beschwerden, k\u00f6rperlichen Zust\u00e4nde oder deren Behandlung ab. Wenden Sie sich bei gesundheitlichen Fragen umgehend an Ihren Arzt. Ignorieren oder verz\u00f6gern Sie niemals medizinische Beratung basierend auf Informationen, die Sie auf diesem Service gelesen haben.<\/p>\n<p>Sie sollten die Informationen oder Dienste dieses Dienstes nicht zur Diagnose oder Behandlung von Gesundheitsproblemen oder zur Verschreibung von Medikamenten oder anderen Behandlungen verwenden. Sie sollten sich immer mit Ihrem Arzt beraten und die Informationen lesen, die von der Produktherstellung und jedem Produktetikett oder Verpackung bereitgestellt werden, bevor Sie Medikamente verwenden, Ern\u00e4hrungs-, Kr\u00e4uter- oder hom\u00f6opathische Produkte oder vor Beginn eines Trainings- oder Di\u00e4tprogramms oder vor Beginn einer Behandlung f\u00fcr ein Gesundheitsproblem. Einzelpersonen sind unterschiedlich und k\u00f6nnen unterschiedlich auf verschiedene Produkte reagieren. Sie sollten Ihren Arzt bez\u00fcglich der Wechselwirkungen zwischen Medikamenten, die Sie einnehmen, und Nahrungserg\u00e4nzungsmitteln konsultieren. Kommentare, die von Mitarbeitern oder Benutzern des Dienstes in Foren zu diesem Dienst gemacht werden, sind ausschlie\u00dflich ihre eigenen pers\u00f6nlichen Ansichten, die in ihrer eigenen pers\u00f6nlichen Eigenschaft gemacht werden und sind keine Behauptungen von uns oder repr\u00e4sentieren die Position oder Ansicht von IT EASY Produktbewertungen von aktuellen oder fr\u00fcheren Mitarbeitern oder Servicenutzer sind ausschlie\u00dflich ihre pers\u00f6nliche Meinung, die in ihrer eigenen pers\u00f6nlichen Eigenschaft gemacht wird und sind nicht als Ersatz f\u00fcr eine angemessene medizinische Versorgung oder Beratung durch einen medizinischen Fachmann gedacht.<\/p>\n<p>\u00dcberpr\u00fcfen Sie immer das Produktetikett oder die Verpackung, bevor Sie ein Produkt verwenden. Bei Abweichungen sollten die Kunden den Angaben auf dem Produktetikett oder der Verpackung folgen. Sie sollten sich direkt an den Hersteller wenden, um Einzelheiten zur Produktkennzeichnung und Verpackung und zur empfohlenen Verwendung zu kl\u00e4ren.<\/p>\n<p>IT EASY haftet nicht f\u00fcr Informationen, die \u00fcber diesen Service in Bezug auf Empfehlungen zu Erg\u00e4nzungen f\u00fcr gesundheitliche Zwecke bereitgestellt werden. Die Produkte oder Angaben \u00fcber bestimmte N\u00e4hrstoffe oder Produkte wurden von der Food and Drug Administration nicht bewertet. Di\u00e4tprodukte sind nicht zur Behandlung, Vorbeugung oder Heilung von Krankheiten bestimmt. Konsultieren Sie einen Arzt, bevor Sie mit einer Di\u00e4t, einem Nahrungserg\u00e4nzungsmittel oder einem Trainingsprogramm beginnen. IT EASY \u00fcbernimmt keine Garantie oder Garantie f\u00fcr verkaufte Produkte oder Dienstleistungen.<\/p>\n<h2 class=\"western\">Ausschl\u00fcsse<\/h2>\n<p>Ohne die Allgemeing\u00fcltigkeit des Vorstehenden einzuschr\u00e4nken und ungeachtet einer anderen Bestimmung dieser Bedingungen wird IT EASY unter keinen Umst\u00e4nden Ihnen oder einer anderen Person gegen\u00fcber f\u00fcr indirekte, zuf\u00e4llige, Folgesch\u00e4den, besondere, strafbare oder beispielhafte Verluste oder Sch\u00e4den, die aus, in Verbindung mit oder im Zusammenhang mit Ihrer Nutzung des Dienstes, diesen Bedingungen, dem Gegenstand dieser Bedingungen, der K\u00fcndigung dieser Bedingungen oder anderweitig entstehen, einschlie\u00dflich, aber nicht beschr\u00e4nkt auf Personensch\u00e4den, Datenverlust, Gesch\u00e4ft, M\u00e4rkte, Ersparnisse, Einkommen, Gewinne, Nutzung, Produktion, Ruf oder Gesch\u00e4fts- oder Firmenwert, antizipiert oder auf andere Weise oder wirtschaftlicher Verlust, unter jeder Haftungstheorie (ob in Vertrag, unerlaubter Handlung, strenger Haftung oder einer anderen Theorie oder Gesetz oder Eigenkapital)unabh\u00e4ngig von Fahrl\u00e4ssigkeit oder sonstigem Verschulden oder Fehlverhalten (einschlie\u00dflich, aber nicht beschr\u00e4nkt auf grobe Fahrl\u00e4ssigkeit und grundlegende Verletzung) von IT EASY oder einer Person, f\u00fcr die IT EASY verantwortlich ist, und selbst wenn IT EASY auf die M\u00f6glichkeit eines solchen Verlusts oder Schadens hingewiesen wurde.<\/p>\n<h2 class=\"western\">geltendes Recht<\/h2>\n<p>Diese Bedingungen werden in \u00dcbereinstimmung mit den Gesetzen von England und Wales geregelt und ausgelegt, ohne R\u00fccksicht auf seine Kollisionsnormen.<\/p>\n<p>Unser Vers\u00e4umnis, ein Recht oder eine Bestimmung dieser Bedingungen durchzusetzen, gilt nicht als Verzicht auf diese Rechte. Sollte eine Bestimmung dieser Bedingungen von einem Gericht f\u00fcr ung\u00fcltig oder nicht durchsetzbar befunden werden, bleiben die \u00fcbrigen Bestimmungen dieser Bedingungen wirksam. Diese Bedingungen stellen die gesamte Vereinbarung zwischen uns in Bezug auf unseren Service dar und ersetzen alle fr\u00fcheren Vereinbarungen, die wir m\u00f6glicherweise in Bezug auf den Service haben.<\/p>\n<h2 class=\"western\">\u00c4nderungen<\/h2>\n<p>Wir behalten uns das Recht vor, diese Bedingungen jederzeit nach eigenem Ermessen zu \u00e4ndern oder zu ersetzen. Wenn eine \u00dcberarbeitung wesentlich ist, werden wir versuchen, mindestens 30 Tage vor dem Inkrafttreten neuer Bedingungen zu informieren. Was eine wesentliche \u00c4nderung darstellt, wird nach unserem alleinigen Ermessen bestimmt.<\/p>\n<p>Indem Sie nach Inkrafttreten dieser \u00c4nderungen weiterhin auf unseren Service zugreifen oder diesen nutzen, erkl\u00e4ren Sie sich mit den ge\u00e4nderten Bedingungen einverstanden. Wenn Sie den neuen Bedingungen nicht zustimmen, m\u00fcssen Sie den Dienst nicht mehr nutzen.<\/p>\n<h2 class=\"western\">Datenschutzerkl\u00e4rung und Cookie Policy f\u00fcr Cookies<\/h2>\n<p>Bitte beachten Sie unsere Datenschutzerkl\u00e4rung und Cookie-Richtlinie. Sie stimmen zu, dass sie Teil dieser Bedingungen sind. Sie m\u00fcssen unsere Datenschutzerkl\u00e4rung und Cookie-Richtlinie lesen, bevor Sie den Service nutzen.<\/p>\n<h2 class=\"western\">kontaktiere uns<\/h2>\n<p>Wenn Sie Fragen zu diesen Bedingungen haben, kontaktieren Sie uns bitte.<\/p>\n","protected":false},"excerpt":{"rendered":"<p>Allgemeine Gesch\u00e4ftsbedingungen Bitte lesen Sie diese Allgemeinen Gesch\u00e4ftsbedingungen (&#8222;AGB&#8220;, &#8222;AGB&#8220;) sorgf\u00e4ltig durch, bevor Sie die https:\/\/bestprobiotics.eu\/ Website (der &#8222;Service&#8220;) nutzen, die von IT EASY (&#8222;uns&#8220;, &#8222;wir&#8220; oder &#8222;unser&#8220;) betrieben wird. Ihr Zugang zu und Ihre Nutzung des Dienstes ist von Ihrer Annahme und Einhaltung dieser Bedingungen abh\u00e4ngig. Diese Bedingungen gelten f\u00fcr alle Besucher, Benutzer und andere, die auf den Service zugreifen oder ihn nutzen. Durch den Zugriff auf oder die Nutzung des Dienstes erkl\u00e4ren Sie sich mit diesen Bedingungen einverstanden. Wenn Sie mit irgendeinem Teil der Bedingungen nicht einverstanden sind, d\u00fcrfen Sie nicht auf den Service zugreifen. Eink\u00e4ufe Sie werden ermutigt, sich mit Ihren Rechten vertraut zu machen, die im Sale of Goods Act 1979, Unfair Contract Terms Act 1977 und den Unfair Terms in Consumer Contracts Regulations 1999 enthalten sind. Wenn Sie ein Produkt oder eine Dienstleistung erwerben m\u00f6chten, die \u00fcber den Service zur Verf\u00fcgung gestellt werden (&#8222;Kauf&#8220;), werden Sie m\u00f6glicherweise aufgefordert, bestimmte Informationen, die f\u00fcr Ihren Kauf relevant sind, anzugeben, einschlie\u00dflich, ohne Einschr\u00e4nkung, Ihre Kreditkartennummer, das Ablaufdatum Ihrer Kreditkarte, Ihre Rechnungsadresse und Ihre Versandinformationen. Sie erkl\u00e4ren und gew\u00e4hrleisten: (i) Sie haben das gesetzliche Recht, jede Kreditkarte(n) oder andere Zahlungsmethode(n) in Verbindung mit einem Kauf zu verwenden; und dass (ii) die Informationen, die Sie uns zur Verf\u00fcgung stellen, sind wahr, richtig und vollst\u00e4ndig. Sie stimmen ausdr\u00fccklich zu, dass IT EASY nicht f\u00fcr Verluste oder Sch\u00e4den verantwortlich ist, die sich aus der \u00dcbermittlung falscher oder ungenauer Informationen ergeben. Durch die \u00dcbermittlung dieser Informationen gew\u00e4hren Sie uns das Recht, die Informationen an Dritte weiterzugeben, um den Abschluss von K\u00e4ufen zu erleichtern.<span class=\"excerpt-hellip\"> [\u2026]<\/span><\/p>\n","protected":false},"author":1,"featured_media":0,"parent":0,"menu_order":0,"comment_status":"closed","ping_status":"closed","template":"","meta":{"footnotes":""},"class_list":["post-967","page","type-page","status-publish","hentry"],"_links":{"self":[{"href":"https:\/\/bestprobiotics.eu\/de\/wp-json\/wp\/v2\/pages\/967","targetHints":{"allow":["GET"]}}],"collection":[{"href":"https:\/\/bestprobiotics.eu\/de\/wp-json\/wp\/v2\/pages"}],"about":[{"href":"https:\/\/bestprobiotics.eu\/de\/wp-json\/wp\/v2\/types\/page"}],"author":[{"embeddable":true,"href":"https:\/\/bestprobiotics.eu\/de\/wp-json\/wp\/v2\/users\/1"}],"replies":[{"embeddable":true,"href":"https:\/\/bestprobiotics.eu\/de\/wp-json\/wp\/v2\/comments?post=967"}],"version-history":[{"count":1,"href":"https:\/\/bestprobiotics.eu\/de\/wp-json\/wp\/v2\/pages\/967\/revisions"}],"predecessor-version":[{"id":1027,"href":"https:\/\/bestprobiotics.eu\/de\/wp-json\/wp\/v2\/pages\/967\/revisions\/1027"}],"wp:attachment":[{"href":"https:\/\/bestprobiotics.eu\/de\/wp-json\/wp\/v2\/media?parent=967"}],"curies":[{"name":"wp","href":"https:\/\/api.w.org\/{rel}","templated":true}]}}